{"id":92,"date":"2020-02-11T10:33:30","date_gmt":"2020-02-11T09:33:30","guid":{"rendered":"https:\/\/agrovyzkum.cz\/hraward\/?page_id=92"},"modified":"2025-09-22T09:25:02","modified_gmt":"2025-09-22T07:25:02","slug":"kontakty","status":"publish","type":"page","link":"https:\/\/agrovyzkum.cz\/hraward\/kontakty\/","title":{"rendered":"Kontakty"},"content":{"rendered":"<h4>Mana\u017eer a administr\u00e1tor projektu<\/h4>\n<p>Bc. Mark\u00e9ta Fl\u00e1\u0161arov\u00e1<br \/>\nMob.: 734 203 973<br \/>\nE-mail: <a href=\"&#x6d;&#x61;&#105;&#108;to&#x3a;&#x66;&#x6c;&#97;sa&#x72;&#x6f;&#x76;&#97;&#64;a&#x67;&#x72;&#x6f;&#118;&#121;z&#x6b;&#x75;&#x6d;&#46;&#99;z\">flasarova [at] agrovyzkum.cz<\/a><\/p>\n","protected":false},"excerpt":{"rendered":"<p>Mana\u017eer a administr\u00e1tor projektu Bc. Mark\u00e9ta Fl\u00e1\u0161arov\u00e1 Mob.: 734 203 973 E-mail: flasarova [at] agrovyzkum.cz<\/p>\n","protected":false},"author":1,"featured_media":56,"parent":0,"menu_order":0,"comment_status":"closed","ping_status":"closed","template":"page-hraward-contact.php","meta":{"inline_featured_image":false,"footnotes":""},"class_list":["post-92","page","type-page","status-publish","has-post-thumbnail","hentry"],"yoast_head":"<!-- This site is optimized with the Yoast SEO plugin v24.4 - https:\/\/yoast.com\/wordpress\/plugins\/seo\/ -->\n<title>Kontakty | HR Award<\/title>\n<meta name=\"robots\" content=\"index, follow, max-snippet:-1, max-image-preview:large, max-video-preview:-1\" \/>\n<link rel=\"canonical\" href=\"https:\/\/agrovyzkum.cz\/hraward\/kontakty\/\" \/>\n<meta property=\"og:locale\" content=\"cs_CZ\" \/>\n<meta property=\"og:type\" content=\"article\" \/>\n<meta property=\"og:title\" content=\"Kontakty | HR Award\" \/>\n<meta property=\"og:description\" content=\"Mana\u017eer a administr\u00e1tor projektu Bc. Mark\u00e9ta Fl\u00e1\u0161arov\u00e1 Mob.: 734 203 973 E-mail: flasarova [at] agrovyzkum.cz\" \/>\n<meta property=\"og:url\" content=\"https:\/\/agrovyzkum.cz\/hraward\/kontakty\/\" \/>\n<meta property=\"og:site_name\" content=\"HR Award\" \/>\n<meta property=\"article:modified_time\" content=\"2025-09-22T07:25:02+00:00\" \/>\n<meta property=\"og:image\" content=\"https:\/\/agrovyzkum.cz\/hraward\/wp-content\/uploads\/sites\/6\/2020\/02\/laboratory-2815640_slider.jpg\" \/>\n\t<meta property=\"og:image:width\" content=\"1920\" \/>\n\t<meta property=\"og:image:height\" content=\"550\" \/>\n\t<meta property=\"og:image:type\" content=\"image\/jpeg\" \/>\n<meta name=\"twitter:card\" content=\"summary_large_image\" \/>\n<meta name=\"twitter:label1\" content=\"Odhadovan\u00e1 doba \u010dten\u00ed\" \/>\n\t<meta name=\"twitter:data1\" content=\"1 minuta\" \/>\n<script type=\"application\/ld+json\" class=\"yoast-schema-graph\">{\"@context\":\"https:\/\/schema.org\",\"@graph\":[{\"@type\":\"WebPage\",\"@id\":\"https:\/\/agrovyzkum.cz\/hraward\/kontakty\/\",\"url\":\"https:\/\/agrovyzkum.cz\/hraward\/kontakty\/\",\"name\":\"Kontakty | HR Award\",\"isPartOf\":{\"@id\":\"https:\/\/agrovyzkum.cz\/hraward\/#website\"},\"primaryImageOfPage\":{\"@id\":\"https:\/\/agrovyzkum.cz\/hraward\/kontakty\/#primaryimage\"},\"image\":{\"@id\":\"https:\/\/agrovyzkum.cz\/hraward\/kontakty\/#primaryimage\"},\"thumbnailUrl\":\"https:\/\/agrovyzkum.cz\/hraward\/wp-content\/uploads\/sites\/6\/2020\/02\/laboratory-2815640_slider.jpg\",\"datePublished\":\"2020-02-11T09:33:30+00:00\",\"dateModified\":\"2025-09-22T07:25:02+00:00\",\"breadcrumb\":{\"@id\":\"https:\/\/agrovyzkum.cz\/hraward\/kontakty\/#breadcrumb\"},\"inLanguage\":\"cs\",\"potentialAction\":[{\"@type\":\"ReadAction\",\"target\":[\"https:\/\/agrovyzkum.cz\/hraward\/kontakty\/\"]}]},{\"@type\":\"ImageObject\",\"inLanguage\":\"cs\",\"@id\":\"https:\/\/agrovyzkum.cz\/hraward\/kontakty\/#primaryimage\",\"url\":\"https:\/\/agrovyzkum.cz\/hraward\/wp-content\/uploads\/sites\/6\/2020\/02\/laboratory-2815640_slider.jpg\",\"contentUrl\":\"https:\/\/agrovyzkum.cz\/hraward\/wp-content\/uploads\/sites\/6\/2020\/02\/laboratory-2815640_slider.jpg\",\"width\":1920,\"height\":550},{\"@type\":\"BreadcrumbList\",\"@id\":\"https:\/\/agrovyzkum.cz\/hraward\/kontakty\/#breadcrumb\",\"itemListElement\":[{\"@type\":\"ListItem\",\"position\":1,\"name\":\"HR Award\",\"item\":\"https:\/\/agrovyzkum.cz\/hraward\/en\/\"},{\"@type\":\"ListItem\",\"position\":2,\"name\":\"Kontakty\"}]},{\"@type\":\"WebSite\",\"@id\":\"https:\/\/agrovyzkum.cz\/hraward\/#website\",\"url\":\"https:\/\/agrovyzkum.cz\/hraward\/\",\"name\":\"HR Award\",\"description\":\"Rozvoj kapacit pro v\u00fdzkum a v\u00fdvoj ve spole\u010dnosti Agrov\u00fdzkum Rapot\u00edn\",\"publisher\":{\"@id\":\"https:\/\/agrovyzkum.cz\/hraward\/#organization\"},\"potentialAction\":[{\"@type\":\"SearchAction\",\"target\":{\"@type\":\"EntryPoint\",\"urlTemplate\":\"https:\/\/agrovyzkum.cz\/hraward\/?s={search_term_string}\"},\"query-input\":{\"@type\":\"PropertyValueSpecification\",\"valueRequired\":true,\"valueName\":\"search_term_string\"}}],\"inLanguage\":\"cs\"},{\"@type\":\"Organization\",\"@id\":\"https:\/\/agrovyzkum.cz\/hraward\/#organization\",\"name\":\"Agrov\u00fdzkum Rapot\u00edn s.r.o.\",\"url\":\"https:\/\/agrovyzkum.cz\/hraward\/\",\"logo\":{\"@type\":\"ImageObject\",\"inLanguage\":\"cs\",\"@id\":\"https:\/\/agrovyzkum.cz\/hraward\/#\/schema\/logo\/image\/\",\"url\":\"https:\/\/agrovyzkum.cz\/hraward\/wp-content\/uploads\/sites\/6\/2020\/03\/logo_agro.svg\",\"contentUrl\":\"https:\/\/agrovyzkum.cz\/hraward\/wp-content\/uploads\/sites\/6\/2020\/03\/logo_agro.svg\",\"width\":36,\"height\":22,\"caption\":\"Agrov\u00fdzkum Rapot\u00edn s.r.o.\"},\"image\":{\"@id\":\"https:\/\/agrovyzkum.cz\/hraward\/#\/schema\/logo\/image\/\"}}]}<\/script>\n<!-- \/ Yoast SEO plugin. -->","yoast_head_json":{"title":"Kontakty | HR Award","robots":{"index":"index","follow":"follow","max-snippet":"max-snippet:-1","max-image-preview":"max-image-preview:large","max-video-preview":"max-video-preview:-1"},"canonical":"https:\/\/agrovyzkum.cz\/hraward\/kontakty\/","og_locale":"cs_CZ","og_type":"article","og_title":"Kontakty | HR Award","og_description":"Mana\u017eer a administr\u00e1tor projektu Bc. Mark\u00e9ta Fl\u00e1\u0161arov\u00e1 Mob.: 734 203 973 E-mail: flasarova [at] agrovyzkum.cz","og_url":"https:\/\/agrovyzkum.cz\/hraward\/kontakty\/","og_site_name":"HR Award","article_modified_time":"2025-09-22T07:25:02+00:00","og_image":[{"width":1920,"height":550,"url":"https:\/\/agrovyzkum.cz\/hraward\/wp-content\/uploads\/sites\/6\/2020\/02\/laboratory-2815640_slider.jpg","type":"image\/jpeg"}],"twitter_card":"summary_large_image","twitter_misc":{"Odhadovan\u00e1 doba \u010dten\u00ed":"1 minuta"},"schema":{"@context":"https:\/\/schema.org","@graph":[{"@type":"WebPage","@id":"https:\/\/agrovyzkum.cz\/hraward\/kontakty\/","url":"https:\/\/agrovyzkum.cz\/hraward\/kontakty\/","name":"Kontakty | HR Award","isPartOf":{"@id":"https:\/\/agrovyzkum.cz\/hraward\/#website"},"primaryImageOfPage":{"@id":"https:\/\/agrovyzkum.cz\/hraward\/kontakty\/#primaryimage"},"image":{"@id":"https:\/\/agrovyzkum.cz\/hraward\/kontakty\/#primaryimage"},"thumbnailUrl":"https:\/\/agrovyzkum.cz\/hraward\/wp-content\/uploads\/sites\/6\/2020\/02\/laboratory-2815640_slider.jpg","datePublished":"2020-02-11T09:33:30+00:00","dateModified":"2025-09-22T07:25:02+00:00","breadcrumb":{"@id":"https:\/\/agrovyzkum.cz\/hraward\/kontakty\/#breadcrumb"},"inLanguage":"cs","potentialAction":[{"@type":"ReadAction","target":["https:\/\/agrovyzkum.cz\/hraward\/kontakty\/"]}]},{"@type":"ImageObject","inLanguage":"cs","@id":"https:\/\/agrovyzkum.cz\/hraward\/kontakty\/#primaryimage","url":"https:\/\/agrovyzkum.cz\/hraward\/wp-content\/uploads\/sites\/6\/2020\/02\/laboratory-2815640_slider.jpg","contentUrl":"https:\/\/agrovyzkum.cz\/hraward\/wp-content\/uploads\/sites\/6\/2020\/02\/laboratory-2815640_slider.jpg","width":1920,"height":550},{"@type":"BreadcrumbList","@id":"https:\/\/agrovyzkum.cz\/hraward\/kontakty\/#breadcrumb","itemListElement":[{"@type":"ListItem","position":1,"name":"HR Award","item":"https:\/\/agrovyzkum.cz\/hraward\/en\/"},{"@type":"ListItem","position":2,"name":"Kontakty"}]},{"@type":"WebSite","@id":"https:\/\/agrovyzkum.cz\/hraward\/#website","url":"https:\/\/agrovyzkum.cz\/hraward\/","name":"HR Award","description":"Rozvoj kapacit pro v\u00fdzkum a v\u00fdvoj ve spole\u010dnosti Agrov\u00fdzkum Rapot\u00edn","publisher":{"@id":"https:\/\/agrovyzkum.cz\/hraward\/#organization"},"potentialAction":[{"@type":"SearchAction","target":{"@type":"EntryPoint","urlTemplate":"https:\/\/agrovyzkum.cz\/hraward\/?s={search_term_string}"},"query-input":{"@type":"PropertyValueSpecification","valueRequired":true,"valueName":"search_term_string"}}],"inLanguage":"cs"},{"@type":"Organization","@id":"https:\/\/agrovyzkum.cz\/hraward\/#organization","name":"Agrov\u00fdzkum Rapot\u00edn s.r.o.","url":"https:\/\/agrovyzkum.cz\/hraward\/","logo":{"@type":"ImageObject","inLanguage":"cs","@id":"https:\/\/agrovyzkum.cz\/hraward\/#\/schema\/logo\/image\/","url":"https:\/\/agrovyzkum.cz\/hraward\/wp-content\/uploads\/sites\/6\/2020\/03\/logo_agro.svg","contentUrl":"https:\/\/agrovyzkum.cz\/hraward\/wp-content\/uploads\/sites\/6\/2020\/03\/logo_agro.svg","width":36,"height":22,"caption":"Agrov\u00fdzkum Rapot\u00edn s.r.o."},"image":{"@id":"https:\/\/agrovyzkum.cz\/hraward\/#\/schema\/logo\/image\/"}}]}},"_links":{"self":[{"href":"https:\/\/agrovyzkum.cz\/hraward\/wp-json\/wp\/v2\/pages\/92","targetHints":{"allow":["GET"]}}],"collection":[{"href":"https:\/\/agrovyzkum.cz\/hraward\/wp-json\/wp\/v2\/pages"}],"about":[{"href":"https:\/\/agrovyzkum.cz\/hraward\/wp-json\/wp\/v2\/types\/page"}],"author":[{"embeddable":true,"href":"https:\/\/agrovyzkum.cz\/hraward\/wp-json\/wp\/v2\/users\/1"}],"replies":[{"embeddable":true,"href":"https:\/\/agrovyzkum.cz\/hraward\/wp-json\/wp\/v2\/comments?post=92"}],"version-history":[{"count":1,"href":"https:\/\/agrovyzkum.cz\/hraward\/wp-json\/wp\/v2\/pages\/92\/revisions"}],"predecessor-version":[{"id":419,"href":"https:\/\/agrovyzkum.cz\/hraward\/wp-json\/wp\/v2\/pages\/92\/revisions\/419"}],"wp:featuredmedia":[{"embeddable":true,"href":"https:\/\/agrovyzkum.cz\/hraward\/wp-json\/wp\/v2\/media\/56"}],"wp:attachment":[{"href":"https:\/\/agrovyzkum.cz\/hraward\/wp-json\/wp\/v2\/media?parent=92"}],"curies":[{"name":"wp","href":"https:\/\/api.w.org\/{rel}","templated":true}]}}