{"id":268,"date":"2021-10-04T13:51:17","date_gmt":"2021-10-04T11:51:17","guid":{"rendered":"https:\/\/agrovyzkum.cz\/hraward\/?page_id=268"},"modified":"2024-06-11T08:22:12","modified_gmt":"2024-06-11T06:22:12","slug":"napsali-o-nas","status":"publish","type":"page","link":"https:\/\/agrovyzkum.cz\/hraward\/napsali-o-nas\/","title":{"rendered":"Napsali o n\u00e1s"},"content":{"rendered":"<div id=\"pl-268\"  class=\"panel-layout\" ><div id=\"pg-268-0\"  class=\"panel-grid panel-no-style\" ><div id=\"pgc-268-0-0\"  class=\"panel-grid-cell\" ><div id=\"panel-268-0-0-0\" class=\"so-panel widget_nav_menu panel-first-child panel-last-child\" data-index=\"0\" ><div class=\"menu-popularizace-container\"><ul id=\"menu-popularizace\" class=\"menu\"><li id=\"menu-item-271\" class=\"menu-item menu-item-type-post_type menu-item-object-page menu-item-271\"><a href=\"https:\/\/agrovyzkum.cz\/hraward\/fotogalerie\/\">Fotogalerie<\/a><\/li>\n<li id=\"menu-item-270\" class=\"menu-item menu-item-type-post_type menu-item-object-page menu-item-270\"><a href=\"https:\/\/agrovyzkum.cz\/hraward\/napsali-o-nas\/\">Napsali o n\u00e1s<\/a><\/li>\n<\/ul><\/div><\/div><\/div><div id=\"pgc-268-0-1\"  class=\"panel-grid-cell\" ><div id=\"panel-268-0-1-0\" class=\"so-panel widget_sow-editor panel-first-child\" data-index=\"1\" ><div\n\t\t\t\n\t\t\tclass=\"so-widget-sow-editor so-widget-sow-editor-base\"\n\t\t\t\n\t\t>\n<div class=\"siteorigin-widget-tinymce textwidget\">\n\t<h4>5. Z\u0160 \u0160umperk<\/h4>\n<p><img loading=\"lazy\" decoding=\"async\" class=\"ramecek aligncenter wp-image-399 size-full\" src=\"https:\/\/agrovyzkum.cz\/hraward\/wp-content\/uploads\/sites\/6\/2024\/06\/5zs.png\" alt=\"\" width=\"952\" height=\"349\" srcset=\"https:\/\/agrovyzkum.cz\/hraward\/wp-content\/uploads\/sites\/6\/2024\/06\/5zs.png 952w, https:\/\/agrovyzkum.cz\/hraward\/wp-content\/uploads\/sites\/6\/2024\/06\/5zs-300x110.png 300w, https:\/\/agrovyzkum.cz\/hraward\/wp-content\/uploads\/sites\/6\/2024\/06\/5zs-768x282.png 768w\" sizes=\"auto, (max-width: 952px) 100vw, 952px\" \/><\/p>\n<p>&nbsp;<\/p>\n<\/div>\n<\/div><\/div><div id=\"panel-268-0-1-1\" class=\"widget_text so-panel widget_custom_html\" data-index=\"2\" ><div class=\"textwidget custom-html-widget\"><hr \\><\/div><\/div><div id=\"panel-268-0-1-2\" class=\"so-panel widget_sow-editor\" data-index=\"3\" ><div\n\t\t\t\n\t\t\tclass=\"so-widget-sow-editor so-widget-sow-editor-base\"\n\t\t\t\n\t\t>\n<div class=\"siteorigin-widget-tinymce textwidget\">\n\t<h4>1. Z\u0160 \u0160umperk<\/h4>\n<p><img loading=\"lazy\" decoding=\"async\" class=\"ramecek aligncenter wp-image-376 size-full\" src=\"https:\/\/agrovyzkum.cz\/hraward\/wp-content\/uploads\/sites\/6\/2023\/06\/zs_sumperk.jpg\" alt=\"\" width=\"1035\" height=\"755\" srcset=\"https:\/\/agrovyzkum.cz\/hraward\/wp-content\/uploads\/sites\/6\/2023\/06\/zs_sumperk.jpg 1035w, https:\/\/agrovyzkum.cz\/hraward\/wp-content\/uploads\/sites\/6\/2023\/06\/zs_sumperk-300x219.jpg 300w, https:\/\/agrovyzkum.cz\/hraward\/wp-content\/uploads\/sites\/6\/2023\/06\/zs_sumperk-768x560.jpg 768w, https:\/\/agrovyzkum.cz\/hraward\/wp-content\/uploads\/sites\/6\/2023\/06\/zs_sumperk-1024x747.jpg 1024w\" sizes=\"auto, (max-width: 1035px) 100vw, 1035px\" \/><\/p>\n<p>&nbsp;<\/p>\n<\/div>\n<\/div><\/div><div id=\"panel-268-0-1-3\" class=\"widget_text so-panel widget_custom_html\" data-index=\"4\" ><div class=\"textwidget custom-html-widget\"><hr \\><\/div><\/div><div id=\"panel-268-0-1-4\" class=\"so-panel widget_sow-editor\" data-index=\"5\" ><div\n\t\t\t\n\t\t\tclass=\"so-widget-sow-editor so-widget-sow-editor-base\"\n\t\t\t\n\t\t>\n<div class=\"siteorigin-widget-tinymce textwidget\">\n\t<h4>Rapot\u00ednsk\u00e9 noviny 10\/2021<\/h4>\n<p><img loading=\"lazy\" decoding=\"async\" class=\"ramecek aligncenter wp-image-335 size-full\" src=\"https:\/\/agrovyzkum.cz\/hraward\/wp-content\/uploads\/sites\/6\/2021\/11\/rapotinske_noviny_10_2021_web.jpg\" alt=\"\" width=\"1200\" height=\"1709\" srcset=\"https:\/\/agrovyzkum.cz\/hraward\/wp-content\/uploads\/sites\/6\/2021\/11\/rapotinske_noviny_10_2021_web.jpg 1200w, https:\/\/agrovyzkum.cz\/hraward\/wp-content\/uploads\/sites\/6\/2021\/11\/rapotinske_noviny_10_2021_web-211x300.jpg 211w, https:\/\/agrovyzkum.cz\/hraward\/wp-content\/uploads\/sites\/6\/2021\/11\/rapotinske_noviny_10_2021_web-768x1094.jpg 768w, https:\/\/agrovyzkum.cz\/hraward\/wp-content\/uploads\/sites\/6\/2021\/11\/rapotinske_noviny_10_2021_web-719x1024.jpg 719w\" sizes=\"auto, (max-width: 1200px) 100vw, 1200px\" \/><\/p>\n<p>&nbsp;<\/p>\n<\/div>\n<\/div><\/div><div id=\"panel-268-0-1-5\" class=\"widget_text so-panel widget_custom_html\" data-index=\"6\" ><div class=\"textwidget custom-html-widget\"><hr \\><\/div><\/div><div id=\"panel-268-0-1-6\" class=\"so-panel widget_sow-editor\" data-index=\"7\" ><div\n\t\t\t\n\t\t\tclass=\"so-widget-sow-editor so-widget-sow-editor-base\"\n\t\t\t\n\t\t>\n<div class=\"siteorigin-widget-tinymce textwidget\">\n\t<h4>Odborn\u00e9 u\u010dili\u0161t\u011b a Praktick\u00e1 \u0161kola, Mohelnice<\/h4>\n<p><img loading=\"lazy\" decoding=\"async\" class=\"ramecek aligncenter wp-image-288 size-full\" src=\"https:\/\/agrovyzkum.cz\/hraward\/wp-content\/uploads\/sites\/6\/2021\/10\/podekovani_ouaprs_mohelnice_crop.jpg\" alt=\"\" width=\"991\" height=\"926\" srcset=\"https:\/\/agrovyzkum.cz\/hraward\/wp-content\/uploads\/sites\/6\/2021\/10\/podekovani_ouaprs_mohelnice_crop.jpg 991w, https:\/\/agrovyzkum.cz\/hraward\/wp-content\/uploads\/sites\/6\/2021\/10\/podekovani_ouaprs_mohelnice_crop-300x280.jpg 300w, https:\/\/agrovyzkum.cz\/hraward\/wp-content\/uploads\/sites\/6\/2021\/10\/podekovani_ouaprs_mohelnice_crop-768x718.jpg 768w\" sizes=\"auto, (max-width: 991px) 100vw, 991px\" \/><\/p>\n<p>&nbsp;<\/p>\n<\/div>\n<\/div><\/div><div id=\"panel-268-0-1-7\" class=\"widget_text so-panel widget_custom_html\" data-index=\"8\" ><div class=\"textwidget custom-html-widget\"><hr \\><\/div><\/div><div id=\"panel-268-0-1-8\" class=\"so-panel widget_sow-editor panel-last-child\" data-index=\"9\" ><div\n\t\t\t\n\t\t\tclass=\"so-widget-sow-editor so-widget-sow-editor-base\"\n\t\t\t\n\t\t>\n<div class=\"siteorigin-widget-tinymce textwidget\">\n\t<h4>Bludovan 8\/2021<\/h4>\n<p>Bludovan vyd\u00e1v\u00e1 Obec Bludov<\/p>\n<p><img loading=\"lazy\" decoding=\"async\" class=\"ramecek aligncenter wp-image-273 size-full\" src=\"https:\/\/agrovyzkum.cz\/hraward\/wp-content\/uploads\/sites\/6\/2021\/10\/bludovan-08-2021.jpg\" alt=\"\" width=\"992\" height=\"1403\" srcset=\"https:\/\/agrovyzkum.cz\/hraward\/wp-content\/uploads\/sites\/6\/2021\/10\/bludovan-08-2021.jpg 992w, https:\/\/agrovyzkum.cz\/hraward\/wp-content\/uploads\/sites\/6\/2021\/10\/bludovan-08-2021-212x300.jpg 212w, https:\/\/agrovyzkum.cz\/hraward\/wp-content\/uploads\/sites\/6\/2021\/10\/bludovan-08-2021-768x1086.jpg 768w, https:\/\/agrovyzkum.cz\/hraward\/wp-content\/uploads\/sites\/6\/2021\/10\/bludovan-08-2021-724x1024.jpg 724w\" sizes=\"auto, (max-width: 992px) 100vw, 992px\" \/><\/p>\n<p><a href=\"http:\/\/bludov.cz\/admin\/files\/ModuleBludovan\/239\/bludovan-08-2021-61587502973e2.pdf\"><span style=\"font-size: 14pt;\">\u00bb<\/span> cel\u00e9 \u010d\u00edslo<\/a><\/p>\n<\/div>\n<\/div><\/div><\/div><\/div><\/div>","protected":false},"excerpt":{"rendered":"<p>5. Z\u0160 \u0160umperk &nbsp; 1. Z\u0160 \u0160umperk &nbsp; Rapot\u00ednsk\u00e9 noviny 10\/2021 &nbsp; Odborn\u00e9 u\u010dili\u0161t\u011b a Praktick\u00e1 \u0161kola, Mohelnice &nbsp; Bludovan 8\/2021 Bludovan vyd\u00e1v\u00e1 Obec Bludov \u00bb cel\u00e9 \u010d\u00edslo<\/p>\n","protected":false},"author":1,"featured_media":56,"parent":0,"menu_order":0,"comment_status":"closed","ping_status":"closed","template":"page-hraward.php","meta":{"inline_featured_image":false,"footnotes":""},"class_list":["post-268","page","type-page","status-publish","has-post-thumbnail","hentry"],"yoast_head":"<!-- This site is optimized with the Yoast SEO plugin v24.4 - https:\/\/yoast.com\/wordpress\/plugins\/seo\/ -->\n<title>Napsali o n\u00e1s | HR Award<\/title>\n<meta name=\"robots\" content=\"index, follow, max-snippet:-1, max-image-preview:large, max-video-preview:-1\" \/>\n<link rel=\"canonical\" href=\"https:\/\/agrovyzkum.cz\/hraward\/napsali-o-nas\/\" \/>\n<meta property=\"og:locale\" content=\"cs_CZ\" \/>\n<meta property=\"og:type\" content=\"article\" \/>\n<meta property=\"og:title\" content=\"Napsali o n\u00e1s | HR Award\" \/>\n<meta property=\"og:description\" content=\"5. Z\u0160 \u0160umperk &nbsp; 1. Z\u0160 \u0160umperk &nbsp; Rapot\u00ednsk\u00e9 noviny 10\/2021 &nbsp; Odborn\u00e9 u\u010dili\u0161t\u011b a Praktick\u00e1 \u0161kola, Mohelnice &nbsp; Bludovan 8\/2021 Bludovan vyd\u00e1v\u00e1 Obec Bludov \u00bb cel\u00e9 \u010d\u00edslo\" \/>\n<meta property=\"og:url\" content=\"https:\/\/agrovyzkum.cz\/hraward\/napsali-o-nas\/\" \/>\n<meta property=\"og:site_name\" content=\"HR Award\" \/>\n<meta property=\"article:modified_time\" content=\"2024-06-11T06:22:12+00:00\" \/>\n<meta property=\"og:image\" content=\"https:\/\/agrovyzkum.cz\/hraward\/wp-content\/uploads\/sites\/6\/2020\/02\/laboratory-2815640_slider.jpg\" \/>\n\t<meta property=\"og:image:width\" content=\"1920\" \/>\n\t<meta property=\"og:image:height\" content=\"550\" \/>\n\t<meta property=\"og:image:type\" content=\"image\/jpeg\" \/>\n<meta name=\"twitter:card\" content=\"summary_large_image\" \/>\n<script type=\"application\/ld+json\" class=\"yoast-schema-graph\">{\"@context\":\"https:\/\/schema.org\",\"@graph\":[{\"@type\":\"WebPage\",\"@id\":\"https:\/\/agrovyzkum.cz\/hraward\/napsali-o-nas\/\",\"url\":\"https:\/\/agrovyzkum.cz\/hraward\/napsali-o-nas\/\",\"name\":\"Napsali o n\u00e1s | HR Award\",\"isPartOf\":{\"@id\":\"https:\/\/agrovyzkum.cz\/hraward\/#website\"},\"primaryImageOfPage\":{\"@id\":\"https:\/\/agrovyzkum.cz\/hraward\/napsali-o-nas\/#primaryimage\"},\"image\":{\"@id\":\"https:\/\/agrovyzkum.cz\/hraward\/napsali-o-nas\/#primaryimage\"},\"thumbnailUrl\":\"https:\/\/agrovyzkum.cz\/hraward\/wp-content\/uploads\/sites\/6\/2020\/02\/laboratory-2815640_slider.jpg\",\"datePublished\":\"2021-10-04T11:51:17+00:00\",\"dateModified\":\"2024-06-11T06:22:12+00:00\",\"breadcrumb\":{\"@id\":\"https:\/\/agrovyzkum.cz\/hraward\/napsali-o-nas\/#breadcrumb\"},\"inLanguage\":\"cs\",\"potentialAction\":[{\"@type\":\"ReadAction\",\"target\":[\"https:\/\/agrovyzkum.cz\/hraward\/napsali-o-nas\/\"]}]},{\"@type\":\"ImageObject\",\"inLanguage\":\"cs\",\"@id\":\"https:\/\/agrovyzkum.cz\/hraward\/napsali-o-nas\/#primaryimage\",\"url\":\"https:\/\/agrovyzkum.cz\/hraward\/wp-content\/uploads\/sites\/6\/2020\/02\/laboratory-2815640_slider.jpg\",\"contentUrl\":\"https:\/\/agrovyzkum.cz\/hraward\/wp-content\/uploads\/sites\/6\/2020\/02\/laboratory-2815640_slider.jpg\",\"width\":1920,\"height\":550},{\"@type\":\"BreadcrumbList\",\"@id\":\"https:\/\/agrovyzkum.cz\/hraward\/napsali-o-nas\/#breadcrumb\",\"itemListElement\":[{\"@type\":\"ListItem\",\"position\":1,\"name\":\"HR Award\",\"item\":\"https:\/\/agrovyzkum.cz\/hraward\/en\/\"},{\"@type\":\"ListItem\",\"position\":2,\"name\":\"Napsali o n\u00e1s\"}]},{\"@type\":\"WebSite\",\"@id\":\"https:\/\/agrovyzkum.cz\/hraward\/#website\",\"url\":\"https:\/\/agrovyzkum.cz\/hraward\/\",\"name\":\"HR Award\",\"description\":\"Rozvoj kapacit pro v\u00fdzkum a v\u00fdvoj ve spole\u010dnosti Agrov\u00fdzkum Rapot\u00edn\",\"publisher\":{\"@id\":\"https:\/\/agrovyzkum.cz\/hraward\/#organization\"},\"potentialAction\":[{\"@type\":\"SearchAction\",\"target\":{\"@type\":\"EntryPoint\",\"urlTemplate\":\"https:\/\/agrovyzkum.cz\/hraward\/?s={search_term_string}\"},\"query-input\":{\"@type\":\"PropertyValueSpecification\",\"valueRequired\":true,\"valueName\":\"search_term_string\"}}],\"inLanguage\":\"cs\"},{\"@type\":\"Organization\",\"@id\":\"https:\/\/agrovyzkum.cz\/hraward\/#organization\",\"name\":\"Agrov\u00fdzkum Rapot\u00edn s.r.o.\",\"url\":\"https:\/\/agrovyzkum.cz\/hraward\/\",\"logo\":{\"@type\":\"ImageObject\",\"inLanguage\":\"cs\",\"@id\":\"https:\/\/agrovyzkum.cz\/hraward\/#\/schema\/logo\/image\/\",\"url\":\"https:\/\/agrovyzkum.cz\/hraward\/wp-content\/uploads\/sites\/6\/2020\/03\/logo_agro.svg\",\"contentUrl\":\"https:\/\/agrovyzkum.cz\/hraward\/wp-content\/uploads\/sites\/6\/2020\/03\/logo_agro.svg\",\"width\":36,\"height\":22,\"caption\":\"Agrov\u00fdzkum Rapot\u00edn s.r.o.\"},\"image\":{\"@id\":\"https:\/\/agrovyzkum.cz\/hraward\/#\/schema\/logo\/image\/\"}}]}<\/script>\n<!-- \/ Yoast SEO plugin. -->","yoast_head_json":{"title":"Napsali o n\u00e1s | HR Award","robots":{"index":"index","follow":"follow","max-snippet":"max-snippet:-1","max-image-preview":"max-image-preview:large","max-video-preview":"max-video-preview:-1"},"canonical":"https:\/\/agrovyzkum.cz\/hraward\/napsali-o-nas\/","og_locale":"cs_CZ","og_type":"article","og_title":"Napsali o n\u00e1s | HR Award","og_description":"5. Z\u0160 \u0160umperk &nbsp; 1. Z\u0160 \u0160umperk &nbsp; Rapot\u00ednsk\u00e9 noviny 10\/2021 &nbsp; Odborn\u00e9 u\u010dili\u0161t\u011b a Praktick\u00e1 \u0161kola, Mohelnice &nbsp; Bludovan 8\/2021 Bludovan vyd\u00e1v\u00e1 Obec Bludov \u00bb cel\u00e9 \u010d\u00edslo","og_url":"https:\/\/agrovyzkum.cz\/hraward\/napsali-o-nas\/","og_site_name":"HR Award","article_modified_time":"2024-06-11T06:22:12+00:00","og_image":[{"width":1920,"height":550,"url":"https:\/\/agrovyzkum.cz\/hraward\/wp-content\/uploads\/sites\/6\/2020\/02\/laboratory-2815640_slider.jpg","type":"image\/jpeg"}],"twitter_card":"summary_large_image","schema":{"@context":"https:\/\/schema.org","@graph":[{"@type":"WebPage","@id":"https:\/\/agrovyzkum.cz\/hraward\/napsali-o-nas\/","url":"https:\/\/agrovyzkum.cz\/hraward\/napsali-o-nas\/","name":"Napsali o n\u00e1s | HR Award","isPartOf":{"@id":"https:\/\/agrovyzkum.cz\/hraward\/#website"},"primaryImageOfPage":{"@id":"https:\/\/agrovyzkum.cz\/hraward\/napsali-o-nas\/#primaryimage"},"image":{"@id":"https:\/\/agrovyzkum.cz\/hraward\/napsali-o-nas\/#primaryimage"},"thumbnailUrl":"https:\/\/agrovyzkum.cz\/hraward\/wp-content\/uploads\/sites\/6\/2020\/02\/laboratory-2815640_slider.jpg","datePublished":"2021-10-04T11:51:17+00:00","dateModified":"2024-06-11T06:22:12+00:00","breadcrumb":{"@id":"https:\/\/agrovyzkum.cz\/hraward\/napsali-o-nas\/#breadcrumb"},"inLanguage":"cs","potentialAction":[{"@type":"ReadAction","target":["https:\/\/agrovyzkum.cz\/hraward\/napsali-o-nas\/"]}]},{"@type":"ImageObject","inLanguage":"cs","@id":"https:\/\/agrovyzkum.cz\/hraward\/napsali-o-nas\/#primaryimage","url":"https:\/\/agrovyzkum.cz\/hraward\/wp-content\/uploads\/sites\/6\/2020\/02\/laboratory-2815640_slider.jpg","contentUrl":"https:\/\/agrovyzkum.cz\/hraward\/wp-content\/uploads\/sites\/6\/2020\/02\/laboratory-2815640_slider.jpg","width":1920,"height":550},{"@type":"BreadcrumbList","@id":"https:\/\/agrovyzkum.cz\/hraward\/napsali-o-nas\/#breadcrumb","itemListElement":[{"@type":"ListItem","position":1,"name":"HR Award","item":"https:\/\/agrovyzkum.cz\/hraward\/en\/"},{"@type":"ListItem","position":2,"name":"Napsali o n\u00e1s"}]},{"@type":"WebSite","@id":"https:\/\/agrovyzkum.cz\/hraward\/#website","url":"https:\/\/agrovyzkum.cz\/hraward\/","name":"HR Award","description":"Rozvoj kapacit pro v\u00fdzkum a v\u00fdvoj ve spole\u010dnosti Agrov\u00fdzkum Rapot\u00edn","publisher":{"@id":"https:\/\/agrovyzkum.cz\/hraward\/#organization"},"potentialAction":[{"@type":"SearchAction","target":{"@type":"EntryPoint","urlTemplate":"https:\/\/agrovyzkum.cz\/hraward\/?s={search_term_string}"},"query-input":{"@type":"PropertyValueSpecification","valueRequired":true,"valueName":"search_term_string"}}],"inLanguage":"cs"},{"@type":"Organization","@id":"https:\/\/agrovyzkum.cz\/hraward\/#organization","name":"Agrov\u00fdzkum Rapot\u00edn s.r.o.","url":"https:\/\/agrovyzkum.cz\/hraward\/","logo":{"@type":"ImageObject","inLanguage":"cs","@id":"https:\/\/agrovyzkum.cz\/hraward\/#\/schema\/logo\/image\/","url":"https:\/\/agrovyzkum.cz\/hraward\/wp-content\/uploads\/sites\/6\/2020\/03\/logo_agro.svg","contentUrl":"https:\/\/agrovyzkum.cz\/hraward\/wp-content\/uploads\/sites\/6\/2020\/03\/logo_agro.svg","width":36,"height":22,"caption":"Agrov\u00fdzkum Rapot\u00edn s.r.o."},"image":{"@id":"https:\/\/agrovyzkum.cz\/hraward\/#\/schema\/logo\/image\/"}}]}},"_links":{"self":[{"href":"https:\/\/agrovyzkum.cz\/hraward\/wp-json\/wp\/v2\/pages\/268","targetHints":{"allow":["GET"]}}],"collection":[{"href":"https:\/\/agrovyzkum.cz\/hraward\/wp-json\/wp\/v2\/pages"}],"about":[{"href":"https:\/\/agrovyzkum.cz\/hraward\/wp-json\/wp\/v2\/types\/page"}],"author":[{"embeddable":true,"href":"https:\/\/agrovyzkum.cz\/hraward\/wp-json\/wp\/v2\/users\/1"}],"replies":[{"embeddable":true,"href":"https:\/\/agrovyzkum.cz\/hraward\/wp-json\/wp\/v2\/comments?post=268"}],"version-history":[{"count":0,"href":"https:\/\/agrovyzkum.cz\/hraward\/wp-json\/wp\/v2\/pages\/268\/revisions"}],"wp:featuredmedia":[{"embeddable":true,"href":"https:\/\/agrovyzkum.cz\/hraward\/wp-json\/wp\/v2\/media\/56"}],"wp:attachment":[{"href":"https:\/\/agrovyzkum.cz\/hraward\/wp-json\/wp\/v2\/media?parent=268"}],"curies":[{"name":"wp","href":"https:\/\/api.w.org\/{rel}","templated":true}]}}