{"id":970,"date":"2019-11-18T12:43:00","date_gmt":"2019-11-18T11:43:00","guid":{"rendered":"https:\/\/agrovyzkum.cz\/bulletin\/?page_id=970"},"modified":"2019-11-18T12:43:00","modified_gmt":"2019-11-18T11:43:00","slug":"year-2011","status":"publish","type":"page","link":"https:\/\/agrovyzkum.cz\/bulletin\/en\/archive\/year-2011\/","title":{"rendered":"Year 2011"},"content":{"rendered":"<div id=\"pl-970\"  class=\"panel-layout\" ><div id=\"pg-970-0\"  class=\"panel-grid panel-no-style\" ><div id=\"pgc-970-0-0\"  class=\"panel-grid-cell\" ><div id=\"panel-970-0-0-0\" class=\"so-panel widget_nav_menu panel-first-child panel-last-child\" data-index=\"0\" ><div class=\"menu-past-issues-container\"><ul id=\"menu-past-issues\" class=\"menu\"><li id=\"menu-item-2881\" class=\"menu-item menu-item-type-post_type menu-item-object-page menu-item-2881\"><a href=\"https:\/\/agrovyzkum.cz\/bulletin\/en\/archive\/year-2025\/\">Year 2025<\/a><\/li>\n<li id=\"menu-item-2671\" class=\"menu-item menu-item-type-post_type menu-item-object-page menu-item-2671\"><a href=\"https:\/\/agrovyzkum.cz\/bulletin\/en\/archive\/year-2024\/\">Year 2024<\/a><\/li>\n<li id=\"menu-item-2400\" class=\"menu-item menu-item-type-post_type menu-item-object-page menu-item-2400\"><a href=\"https:\/\/agrovyzkum.cz\/bulletin\/en\/archive\/year-2023\/\">Year 2023<\/a><\/li>\n<li id=\"menu-item-2156\" class=\"menu-item menu-item-type-post_type menu-item-object-page menu-item-2156\"><a href=\"https:\/\/agrovyzkum.cz\/bulletin\/en\/archive\/year-2022\/\">Year 2022<\/a><\/li>\n<li id=\"menu-item-1931\" class=\"menu-item menu-item-type-post_type menu-item-object-page menu-item-1931\"><a href=\"https:\/\/agrovyzkum.cz\/bulletin\/en\/archive\/year-2021\/\">Year 2021<\/a><\/li>\n<li id=\"menu-item-1576\" class=\"menu-item menu-item-type-post_type menu-item-object-page menu-item-1576\"><a href=\"https:\/\/agrovyzkum.cz\/bulletin\/en\/archive\/year-2020\/\">Year 2020<\/a><\/li>\n<li id=\"menu-item-352\" class=\"menu-item menu-item-type-post_type menu-item-object-page menu-item-352\"><a href=\"https:\/\/agrovyzkum.cz\/bulletin\/en\/archive\/year-2019\/\">Year 2019<\/a><\/li>\n<li id=\"menu-item-361\" class=\"menu-item menu-item-type-post_type menu-item-object-page menu-item-361\"><a href=\"https:\/\/agrovyzkum.cz\/bulletin\/en\/archive\/year-2018\/\">Year 2018<\/a><\/li>\n<li id=\"menu-item-552\" class=\"menu-item menu-item-type-post_type menu-item-object-page menu-item-552\"><a href=\"https:\/\/agrovyzkum.cz\/bulletin\/en\/archive\/year-2017\/\">Year 2017<\/a><\/li>\n<li id=\"menu-item-613\" class=\"menu-item menu-item-type-post_type menu-item-object-page menu-item-613\"><a href=\"https:\/\/agrovyzkum.cz\/bulletin\/en\/archive\/year-2016\/\">Year 2016<\/a><\/li>\n<li id=\"menu-item-750\" class=\"menu-item menu-item-type-post_type menu-item-object-page menu-item-750\"><a href=\"https:\/\/agrovyzkum.cz\/bulletin\/en\/archive\/year-2015\/\">Year 2015<\/a><\/li>\n<li id=\"menu-item-822\" class=\"menu-item menu-item-type-post_type menu-item-object-page menu-item-822\"><a href=\"https:\/\/agrovyzkum.cz\/bulletin\/en\/archive\/year-2014\/\">Year 2014<\/a><\/li>\n<li id=\"menu-item-857\" class=\"menu-item menu-item-type-post_type menu-item-object-page menu-item-857\"><a href=\"https:\/\/agrovyzkum.cz\/bulletin\/en\/archive\/year-2013\/\">Year 2013<\/a><\/li>\n<li id=\"menu-item-921\" class=\"menu-item menu-item-type-post_type menu-item-object-page menu-item-921\"><a href=\"https:\/\/agrovyzkum.cz\/bulletin\/en\/archive\/year-2012\/\">Year 2012<\/a><\/li>\n<li id=\"menu-item-973\" class=\"menu-item menu-item-type-post_type menu-item-object-page menu-item-973\"><a href=\"https:\/\/agrovyzkum.cz\/bulletin\/en\/archive\/year-2011\/\">Year 2011<\/a><\/li>\n<li id=\"menu-item-1020\" class=\"menu-item menu-item-type-post_type menu-item-object-page menu-item-1020\"><a href=\"https:\/\/agrovyzkum.cz\/bulletin\/en\/archive\/year-2010\/\">Year 2010<\/a><\/li>\n<li id=\"menu-item-1067\" class=\"menu-item menu-item-type-post_type menu-item-object-page menu-item-1067\"><a href=\"https:\/\/agrovyzkum.cz\/bulletin\/en\/archive\/year-2009\/\">Year 2009<\/a><\/li>\n<li id=\"menu-item-1107\" class=\"menu-item menu-item-type-post_type menu-item-object-page menu-item-1107\"><a href=\"https:\/\/agrovyzkum.cz\/bulletin\/en\/archive\/year-2008\/\">Year 2008<\/a><\/li>\n<\/ul><\/div><\/div><\/div><div id=\"pgc-970-0-1\"  class=\"panel-grid-cell\" ><div id=\"panel-970-0-1-0\" class=\"so-panel widget_sow-editor panel-first-child panel-last-child\" data-index=\"1\" ><div\n\t\t\t\n\t\t\tclass=\"so-widget-sow-editor so-widget-sow-editor-base\"\n\t\t\t\n\t\t>\n<div class=\"siteorigin-widget-tinymce textwidget\">\n\t<style>.wp-show-posts-columns#wpsp-967 {margin-left: -2em; }.wp-show-posts-columns#wpsp-967 .wp-show-posts-inner {margin: 0 0 2em 2em; }<\/style><section id=\"wpsp-967\" class=\" wp-show-posts-columns wp-show-posts\" style=\"\"><article class=\" wp-show-posts-single post-963 post type-post status-publish format-standard has-post-thumbnail hentry category-archive category-year-2011 wpsp-col-6\" itemtype=\"http:\/\/schema.org\/CreativeWork\" itemscope><div class=\"wp-show-posts-inner\" style=\"\">\t\t<div class=\"wp-show-posts-image  wpsp-image-center \">\n\t\t\t<a href=\"https:\/\/agrovyzkum.cz\/bulletin\/en\/cattle-research-4-2011\/\"  title=\"Cattle Research 4\/2011\"><img loading=\"lazy\" decoding=\"async\" width=\"1920\" height=\"550\" src=\"https:\/\/agrovyzkum.cz\/bulletin\/wp-content\/uploads\/sites\/5\/2019\/11\/2011_4_slider.jpg\" class=\"attachment-full size-full wp-post-image\" alt=\"\" itemprop=\"image\" srcset=\"https:\/\/agrovyzkum.cz\/bulletin\/wp-content\/uploads\/sites\/5\/2019\/11\/2011_4_slider.jpg 1920w, https:\/\/agrovyzkum.cz\/bulletin\/wp-content\/uploads\/sites\/5\/2019\/11\/2011_4_slider-300x86.jpg 300w, https:\/\/agrovyzkum.cz\/bulletin\/wp-content\/uploads\/sites\/5\/2019\/11\/2011_4_slider-768x220.jpg 768w, https:\/\/agrovyzkum.cz\/bulletin\/wp-content\/uploads\/sites\/5\/2019\/11\/2011_4_slider-1024x293.jpg 1024w, https:\/\/agrovyzkum.cz\/bulletin\/wp-content\/uploads\/sites\/5\/2019\/11\/2011_4_slider-1140x326.jpg 1140w\" sizes=\"auto, (max-width: 1920px) 100vw, 1920px\" \/><\/a>\t\t<\/div>\n\t\t\t\t\t\t\t\t<header class=\"wp-show-posts-entry-header\">\n\t\t\t\t\t\t\t<h4 class=\"wp-show-posts-entry-title\" itemprop=\"headline\"><a href=\"https:\/\/agrovyzkum.cz\/bulletin\/en\/cattle-research-4-2011\/\" rel=\"bookmark\">Cattle Research 4\/2011<\/a><\/h4>\t\t\t\t\t\t<\/header><!-- .entry-header -->\n\t\t\t\t\t\t\t\t\t\t\t<div class=\"wp-show-posts-entry-summary\" itemprop=\"text\">\n\t\t\t\t\t\t\t<p>Series A \u2013 Original scientific papers Page Title \/ Author 3 Zastoupen\u00ed mastn\u00fdch kyselin v mase potomk\u016f testovan\u00fdch b\u00fdk\u016f vybran\u00fdch lini\u00ed \u010desk\u00e9ho strakat\u00e9ho skotu a k\u0159\u00ed\u017eenc\u016f plemene aberdeen angus Composition&#8230;<\/p>\n\t\t\t\t\t\t<\/div><!-- .entry-summary -->\n\t\t\t\t\t<\/div><!-- wp-show-posts-inner --><\/article><article class=\" wp-show-posts-single post-953 post type-post status-publish format-standard has-post-thumbnail hentry category-archive category-year-2011 wpsp-col-6\" itemtype=\"http:\/\/schema.org\/CreativeWork\" itemscope><div class=\"wp-show-posts-inner\" style=\"\">\t\t<div class=\"wp-show-posts-image  wpsp-image-center \">\n\t\t\t<a href=\"https:\/\/agrovyzkum.cz\/bulletin\/en\/cattle-research-3-2011\/\"  title=\"Cattle research 3\/2011\"><img loading=\"lazy\" decoding=\"async\" width=\"1920\" height=\"550\" src=\"https:\/\/agrovyzkum.cz\/bulletin\/wp-content\/uploads\/sites\/5\/2019\/11\/2011_3_slider.jpg\" class=\"attachment-full size-full wp-post-image\" alt=\"\" itemprop=\"image\" srcset=\"https:\/\/agrovyzkum.cz\/bulletin\/wp-content\/uploads\/sites\/5\/2019\/11\/2011_3_slider.jpg 1920w, https:\/\/agrovyzkum.cz\/bulletin\/wp-content\/uploads\/sites\/5\/2019\/11\/2011_3_slider-300x86.jpg 300w, https:\/\/agrovyzkum.cz\/bulletin\/wp-content\/uploads\/sites\/5\/2019\/11\/2011_3_slider-768x220.jpg 768w, https:\/\/agrovyzkum.cz\/bulletin\/wp-content\/uploads\/sites\/5\/2019\/11\/2011_3_slider-1024x293.jpg 1024w, https:\/\/agrovyzkum.cz\/bulletin\/wp-content\/uploads\/sites\/5\/2019\/11\/2011_3_slider-1140x326.jpg 1140w\" sizes=\"auto, (max-width: 1920px) 100vw, 1920px\" \/><\/a>\t\t<\/div>\n\t\t\t\t\t\t\t\t<header class=\"wp-show-posts-entry-header\">\n\t\t\t\t\t\t\t<h4 class=\"wp-show-posts-entry-title\" itemprop=\"headline\"><a href=\"https:\/\/agrovyzkum.cz\/bulletin\/en\/cattle-research-3-2011\/\" rel=\"bookmark\">Cattle research 3\/2011<\/a><\/h4>\t\t\t\t\t\t<\/header><!-- .entry-header -->\n\t\t\t\t\t\t\t\t\t\t\t<div class=\"wp-show-posts-entry-summary\" itemprop=\"text\">\n\t\t\t\t\t\t\t<p>Series A \u2013 Original scientific papers Page Title \/ Author 3 Hodnocen\u00ed obsahu kyseliny citronov\u00e9 a po\u010dtu somatick\u00fdch bun\u011bk v ml\u00e9ce dojnic hol\u0161t\u00fdnsk\u00e9ho skotu na za\u010d\u00e1tku laktace Evaluation of citric&#8230;<\/p>\n\t\t\t\t\t\t<\/div><!-- .entry-summary -->\n\t\t\t\t\t<\/div><!-- wp-show-posts-inner --><\/article><article class=\" wp-show-posts-single post-939 post type-post status-publish format-standard has-post-thumbnail hentry category-archive category-year-2011 wpsp-col-6\" itemtype=\"http:\/\/schema.org\/CreativeWork\" itemscope><div class=\"wp-show-posts-inner\" style=\"\">\t\t<div class=\"wp-show-posts-image  wpsp-image-center \">\n\t\t\t<a href=\"https:\/\/agrovyzkum.cz\/bulletin\/en\/cattle-research-2-2011\/\"  title=\"Cattle Research 2\/2011\"><img loading=\"lazy\" decoding=\"async\" width=\"1920\" height=\"550\" src=\"https:\/\/agrovyzkum.cz\/bulletin\/wp-content\/uploads\/sites\/5\/2019\/11\/2011_2_slider.jpg\" class=\"attachment-full size-full wp-post-image\" alt=\"\" itemprop=\"image\" srcset=\"https:\/\/agrovyzkum.cz\/bulletin\/wp-content\/uploads\/sites\/5\/2019\/11\/2011_2_slider.jpg 1920w, https:\/\/agrovyzkum.cz\/bulletin\/wp-content\/uploads\/sites\/5\/2019\/11\/2011_2_slider-300x86.jpg 300w, https:\/\/agrovyzkum.cz\/bulletin\/wp-content\/uploads\/sites\/5\/2019\/11\/2011_2_slider-768x220.jpg 768w, https:\/\/agrovyzkum.cz\/bulletin\/wp-content\/uploads\/sites\/5\/2019\/11\/2011_2_slider-1024x293.jpg 1024w, https:\/\/agrovyzkum.cz\/bulletin\/wp-content\/uploads\/sites\/5\/2019\/11\/2011_2_slider-1140x326.jpg 1140w\" sizes=\"auto, (max-width: 1920px) 100vw, 1920px\" \/><\/a>\t\t<\/div>\n\t\t\t\t\t\t\t\t<header class=\"wp-show-posts-entry-header\">\n\t\t\t\t\t\t\t<h4 class=\"wp-show-posts-entry-title\" itemprop=\"headline\"><a href=\"https:\/\/agrovyzkum.cz\/bulletin\/en\/cattle-research-2-2011\/\" rel=\"bookmark\">Cattle Research 2\/2011<\/a><\/h4>\t\t\t\t\t\t<\/header><!-- .entry-header -->\n\t\t\t\t\t\t\t\t\t\t\t<div class=\"wp-show-posts-entry-summary\" itemprop=\"text\">\n\t\t\t\t\t\t\t<p>Series A \u2013 Original scientific papers Page Title \/ Author 3 The influence of pregnancy on production traits in dairy cattle Vliv b\u0159ezosti na produk\u010dn\u00ed znaky dojen\u00e9ho skotu Bezd\u00ed\u010dek, J&#8230;.<\/p>\n\t\t\t\t\t\t<\/div><!-- .entry-summary -->\n\t\t\t\t\t<\/div><!-- wp-show-posts-inner --><\/article><article class=\" wp-show-posts-single post-929 post type-post status-publish format-standard has-post-thumbnail hentry category-archive category-year-2011 wpsp-col-6\" itemtype=\"http:\/\/schema.org\/CreativeWork\" itemscope><div class=\"wp-show-posts-inner\" style=\"\">\t\t<div class=\"wp-show-posts-image  wpsp-image-center \">\n\t\t\t<a href=\"https:\/\/agrovyzkum.cz\/bulletin\/en\/cattle-research-1-2011\/\"  title=\"Cattle Research 1\/2011\"><img loading=\"lazy\" decoding=\"async\" width=\"1753\" height=\"502\" src=\"https:\/\/agrovyzkum.cz\/bulletin\/wp-content\/uploads\/sites\/5\/2019\/11\/2011_1_slider.jpg\" class=\"attachment-full size-full wp-post-image\" alt=\"\" itemprop=\"image\" srcset=\"https:\/\/agrovyzkum.cz\/bulletin\/wp-content\/uploads\/sites\/5\/2019\/11\/2011_1_slider.jpg 1753w, https:\/\/agrovyzkum.cz\/bulletin\/wp-content\/uploads\/sites\/5\/2019\/11\/2011_1_slider-300x86.jpg 300w, https:\/\/agrovyzkum.cz\/bulletin\/wp-content\/uploads\/sites\/5\/2019\/11\/2011_1_slider-768x220.jpg 768w, https:\/\/agrovyzkum.cz\/bulletin\/wp-content\/uploads\/sites\/5\/2019\/11\/2011_1_slider-1024x293.jpg 1024w, https:\/\/agrovyzkum.cz\/bulletin\/wp-content\/uploads\/sites\/5\/2019\/11\/2011_1_slider-1140x326.jpg 1140w\" sizes=\"auto, (max-width: 1753px) 100vw, 1753px\" \/><\/a>\t\t<\/div>\n\t\t\t\t\t\t\t\t<header class=\"wp-show-posts-entry-header\">\n\t\t\t\t\t\t\t<h4 class=\"wp-show-posts-entry-title\" itemprop=\"headline\"><a href=\"https:\/\/agrovyzkum.cz\/bulletin\/en\/cattle-research-1-2011\/\" rel=\"bookmark\">Cattle Research 1\/2011<\/a><\/h4>\t\t\t\t\t\t<\/header><!-- .entry-header -->\n\t\t\t\t\t\t\t\t\t\t\t<div class=\"wp-show-posts-entry-summary\" itemprop=\"text\">\n\t\t\t\t\t\t\t<p>Series A \u2013 Original scientific papers Page Title \/ Author 3 V\u00fdvoj po\u010dtu somatick\u00fdch bun\u011bk ml\u00e9ka u dojnic s klinickou a subklinickou mastitidou dojen\u00fdch doj\u00edc\u00edmi roboty Development of somatic cell&#8230;<\/p>\n\t\t\t\t\t\t<\/div><!-- .entry-summary -->\n\t\t\t\t\t<\/div><!-- wp-show-posts-inner --><\/article><div class=\"wpsp-clear\"><\/div><\/section><!-- .wp-show-posts -->\n<\/div>\n<\/div><\/div><\/div><\/div><\/div>","protected":false},"excerpt":{"rendered":"<p>Series A \u2013 Original scientific papers Page Title \/ Author 3 V\u00fdvoj po\u010dtu somatick\u00fdch bun\u011bk ml\u00e9ka u dojnic s klinickou a subklinickou mastitidou dojen\u00fdch doj\u00edc\u00edmi roboty Development of somatic cell count in dairy cows with clinical and subclinical mastitis with using automatic milking robots Dohnal, J. \u2013 Frelich, J. \u2013 Hanu\u0161, O. \u2013 Tonka, T. [A] 10 Tvorba a v\u00fdvoj [&hellip;]<\/p>\n","protected":false},"author":1,"featured_media":519,"parent":349,"menu_order":0,"comment_status":"closed","ping_status":"closed","template":"","meta":{"inline_featured_image":false,"footnotes":""},"class_list":["post-970","page","type-page","status-publish","has-post-thumbnail","hentry"],"yoast_head":"<!-- This site is optimized with the Yoast SEO plugin v24.4 - https:\/\/yoast.com\/wordpress\/plugins\/seo\/ -->\n<title>Year 2011 | V\u00fdzkum v chovu skotu<\/title>\n<meta name=\"robots\" content=\"index, follow, max-snippet:-1, max-image-preview:large, max-video-preview:-1\" \/>\n<link rel=\"canonical\" href=\"https:\/\/agrovyzkum.cz\/bulletin\/en\/archive\/year-2011\/\" \/>\n<meta property=\"og:locale\" content=\"cs_CZ\" \/>\n<meta property=\"og:type\" content=\"article\" \/>\n<meta property=\"og:title\" content=\"Year 2011 | V\u00fdzkum v chovu skotu\" \/>\n<meta property=\"og:description\" content=\"Series A \u2013 Original scientific papers Page Title \/ Author 3 V\u00fdvoj po\u010dtu somatick\u00fdch bun\u011bk ml\u00e9ka u dojnic s klinickou a subklinickou mastitidou dojen\u00fdch doj\u00edc\u00edmi roboty Development of somatic cell count in dairy cows with clinical and subclinical mastitis with using automatic milking robots Dohnal, J. \u2013 Frelich, J. \u2013 Hanu\u0161, O. \u2013 Tonka, T. [A] 10 Tvorba a v\u00fdvoj [&hellip;]\" \/>\n<meta property=\"og:url\" content=\"https:\/\/agrovyzkum.cz\/bulletin\/en\/archive\/year-2011\/\" \/>\n<meta property=\"og:site_name\" content=\"V\u00fdzkum v chovu skotu\" \/>\n<meta property=\"og:image\" content=\"https:\/\/agrovyzkum.cz\/bulletin\/wp-content\/uploads\/sites\/5\/2019\/10\/starsi_cisla_slider_v2_1140px.jpg\" \/>\n\t<meta property=\"og:image:width\" content=\"1140\" \/>\n\t<meta property=\"og:image:height\" content=\"327\" \/>\n\t<meta property=\"og:image:type\" content=\"image\/jpeg\" \/>\n<meta name=\"twitter:card\" content=\"summary_large_image\" \/>\n<script type=\"application\/ld+json\" class=\"yoast-schema-graph\">{\"@context\":\"https:\/\/schema.org\",\"@graph\":[{\"@type\":\"WebPage\",\"@id\":\"https:\/\/agrovyzkum.cz\/bulletin\/en\/archive\/year-2011\/\",\"url\":\"https:\/\/agrovyzkum.cz\/bulletin\/en\/archive\/year-2011\/\",\"name\":\"Year 2011 | V\u00fdzkum v chovu skotu\",\"isPartOf\":{\"@id\":\"https:\/\/agrovyzkum.cz\/bulletin\/#website\"},\"primaryImageOfPage\":{\"@id\":\"https:\/\/agrovyzkum.cz\/bulletin\/en\/archive\/year-2011\/#primaryimage\"},\"image\":{\"@id\":\"https:\/\/agrovyzkum.cz\/bulletin\/en\/archive\/year-2011\/#primaryimage\"},\"thumbnailUrl\":\"https:\/\/agrovyzkum.cz\/bulletin\/wp-content\/uploads\/sites\/5\/2019\/10\/starsi_cisla_slider_v2_1140px.jpg\",\"datePublished\":\"2019-11-18T11:43:00+00:00\",\"breadcrumb\":{\"@id\":\"https:\/\/agrovyzkum.cz\/bulletin\/en\/archive\/year-2011\/#breadcrumb\"},\"inLanguage\":\"cs\",\"potentialAction\":[{\"@type\":\"ReadAction\",\"target\":[\"https:\/\/agrovyzkum.cz\/bulletin\/en\/archive\/year-2011\/\"]}]},{\"@type\":\"ImageObject\",\"inLanguage\":\"cs\",\"@id\":\"https:\/\/agrovyzkum.cz\/bulletin\/en\/archive\/year-2011\/#primaryimage\",\"url\":\"https:\/\/agrovyzkum.cz\/bulletin\/wp-content\/uploads\/sites\/5\/2019\/10\/starsi_cisla_slider_v2_1140px.jpg\",\"contentUrl\":\"https:\/\/agrovyzkum.cz\/bulletin\/wp-content\/uploads\/sites\/5\/2019\/10\/starsi_cisla_slider_v2_1140px.jpg\",\"width\":1140,\"height\":327},{\"@type\":\"BreadcrumbList\",\"@id\":\"https:\/\/agrovyzkum.cz\/bulletin\/en\/archive\/year-2011\/#breadcrumb\",\"itemListElement\":[{\"@type\":\"ListItem\",\"position\":1,\"name\":\"V\u00fdzkum v chovu skotu\",\"item\":\"https:\/\/agrovyzkum.cz\/bulletin\/\"},{\"@type\":\"ListItem\",\"position\":2,\"name\":\"Archive\",\"item\":\"https:\/\/agrovyzkum.cz\/bulletin\/en\/archive\/\"},{\"@type\":\"ListItem\",\"position\":3,\"name\":\"Year 2011\"}]},{\"@type\":\"WebSite\",\"@id\":\"https:\/\/agrovyzkum.cz\/bulletin\/#website\",\"url\":\"https:\/\/agrovyzkum.cz\/bulletin\/\",\"name\":\"V\u00fdzkum v chovu skotu\",\"description\":\"\",\"publisher\":{\"@id\":\"https:\/\/agrovyzkum.cz\/bulletin\/#organization\"},\"potentialAction\":[{\"@type\":\"SearchAction\",\"target\":{\"@type\":\"EntryPoint\",\"urlTemplate\":\"https:\/\/agrovyzkum.cz\/bulletin\/?s={search_term_string}\"},\"query-input\":{\"@type\":\"PropertyValueSpecification\",\"valueRequired\":true,\"valueName\":\"search_term_string\"}}],\"inLanguage\":\"cs\"},{\"@type\":\"Organization\",\"@id\":\"https:\/\/agrovyzkum.cz\/bulletin\/#organization\",\"name\":\"Agrov\u00fdzkum Rapot\u00edn s.r.o.\",\"url\":\"https:\/\/agrovyzkum.cz\/bulletin\/\",\"logo\":{\"@type\":\"ImageObject\",\"inLanguage\":\"cs\",\"@id\":\"https:\/\/agrovyzkum.cz\/bulletin\/#\/schema\/logo\/image\/\",\"url\":\"https:\/\/agrovyzkum.cz\/bulletin\/wp-content\/uploads\/sites\/5\/2020\/03\/logo_agro.svg\",\"contentUrl\":\"https:\/\/agrovyzkum.cz\/bulletin\/wp-content\/uploads\/sites\/5\/2020\/03\/logo_agro.svg\",\"width\":36,\"height\":22,\"caption\":\"Agrov\u00fdzkum Rapot\u00edn s.r.o.\"},\"image\":{\"@id\":\"https:\/\/agrovyzkum.cz\/bulletin\/#\/schema\/logo\/image\/\"}}]}<\/script>\n<!-- \/ Yoast SEO plugin. -->","yoast_head_json":{"title":"Year 2011 | V\u00fdzkum v chovu skotu","robots":{"index":"index","follow":"follow","max-snippet":"max-snippet:-1","max-image-preview":"max-image-preview:large","max-video-preview":"max-video-preview:-1"},"canonical":"https:\/\/agrovyzkum.cz\/bulletin\/en\/archive\/year-2011\/","og_locale":"cs_CZ","og_type":"article","og_title":"Year 2011 | V\u00fdzkum v chovu skotu","og_description":"Series A \u2013 Original scientific papers Page Title \/ Author 3 V\u00fdvoj po\u010dtu somatick\u00fdch bun\u011bk ml\u00e9ka u dojnic s klinickou a subklinickou mastitidou dojen\u00fdch doj\u00edc\u00edmi roboty Development of somatic cell count in dairy cows with clinical and subclinical mastitis with using automatic milking robots Dohnal, J. \u2013 Frelich, J. \u2013 Hanu\u0161, O. \u2013 Tonka, T. [A] 10 Tvorba a v\u00fdvoj [&hellip;]","og_url":"https:\/\/agrovyzkum.cz\/bulletin\/en\/archive\/year-2011\/","og_site_name":"V\u00fdzkum v chovu skotu","og_image":[{"width":1140,"height":327,"url":"https:\/\/agrovyzkum.cz\/bulletin\/wp-content\/uploads\/sites\/5\/2019\/10\/starsi_cisla_slider_v2_1140px.jpg","type":"image\/jpeg"}],"twitter_card":"summary_large_image","schema":{"@context":"https:\/\/schema.org","@graph":[{"@type":"WebPage","@id":"https:\/\/agrovyzkum.cz\/bulletin\/en\/archive\/year-2011\/","url":"https:\/\/agrovyzkum.cz\/bulletin\/en\/archive\/year-2011\/","name":"Year 2011 | V\u00fdzkum v chovu skotu","isPartOf":{"@id":"https:\/\/agrovyzkum.cz\/bulletin\/#website"},"primaryImageOfPage":{"@id":"https:\/\/agrovyzkum.cz\/bulletin\/en\/archive\/year-2011\/#primaryimage"},"image":{"@id":"https:\/\/agrovyzkum.cz\/bulletin\/en\/archive\/year-2011\/#primaryimage"},"thumbnailUrl":"https:\/\/agrovyzkum.cz\/bulletin\/wp-content\/uploads\/sites\/5\/2019\/10\/starsi_cisla_slider_v2_1140px.jpg","datePublished":"2019-11-18T11:43:00+00:00","breadcrumb":{"@id":"https:\/\/agrovyzkum.cz\/bulletin\/en\/archive\/year-2011\/#breadcrumb"},"inLanguage":"cs","potentialAction":[{"@type":"ReadAction","target":["https:\/\/agrovyzkum.cz\/bulletin\/en\/archive\/year-2011\/"]}]},{"@type":"ImageObject","inLanguage":"cs","@id":"https:\/\/agrovyzkum.cz\/bulletin\/en\/archive\/year-2011\/#primaryimage","url":"https:\/\/agrovyzkum.cz\/bulletin\/wp-content\/uploads\/sites\/5\/2019\/10\/starsi_cisla_slider_v2_1140px.jpg","contentUrl":"https:\/\/agrovyzkum.cz\/bulletin\/wp-content\/uploads\/sites\/5\/2019\/10\/starsi_cisla_slider_v2_1140px.jpg","width":1140,"height":327},{"@type":"BreadcrumbList","@id":"https:\/\/agrovyzkum.cz\/bulletin\/en\/archive\/year-2011\/#breadcrumb","itemListElement":[{"@type":"ListItem","position":1,"name":"V\u00fdzkum v chovu skotu","item":"https:\/\/agrovyzkum.cz\/bulletin\/"},{"@type":"ListItem","position":2,"name":"Archive","item":"https:\/\/agrovyzkum.cz\/bulletin\/en\/archive\/"},{"@type":"ListItem","position":3,"name":"Year 2011"}]},{"@type":"WebSite","@id":"https:\/\/agrovyzkum.cz\/bulletin\/#website","url":"https:\/\/agrovyzkum.cz\/bulletin\/","name":"V\u00fdzkum v chovu skotu","description":"","publisher":{"@id":"https:\/\/agrovyzkum.cz\/bulletin\/#organization"},"potentialAction":[{"@type":"SearchAction","target":{"@type":"EntryPoint","urlTemplate":"https:\/\/agrovyzkum.cz\/bulletin\/?s={search_term_string}"},"query-input":{"@type":"PropertyValueSpecification","valueRequired":true,"valueName":"search_term_string"}}],"inLanguage":"cs"},{"@type":"Organization","@id":"https:\/\/agrovyzkum.cz\/bulletin\/#organization","name":"Agrov\u00fdzkum Rapot\u00edn s.r.o.","url":"https:\/\/agrovyzkum.cz\/bulletin\/","logo":{"@type":"ImageObject","inLanguage":"cs","@id":"https:\/\/agrovyzkum.cz\/bulletin\/#\/schema\/logo\/image\/","url":"https:\/\/agrovyzkum.cz\/bulletin\/wp-content\/uploads\/sites\/5\/2020\/03\/logo_agro.svg","contentUrl":"https:\/\/agrovyzkum.cz\/bulletin\/wp-content\/uploads\/sites\/5\/2020\/03\/logo_agro.svg","width":36,"height":22,"caption":"Agrov\u00fdzkum Rapot\u00edn s.r.o."},"image":{"@id":"https:\/\/agrovyzkum.cz\/bulletin\/#\/schema\/logo\/image\/"}}]}},"_links":{"self":[{"href":"https:\/\/agrovyzkum.cz\/bulletin\/wp-json\/wp\/v2\/pages\/970","targetHints":{"allow":["GET"]}}],"collection":[{"href":"https:\/\/agrovyzkum.cz\/bulletin\/wp-json\/wp\/v2\/pages"}],"about":[{"href":"https:\/\/agrovyzkum.cz\/bulletin\/wp-json\/wp\/v2\/types\/page"}],"author":[{"embeddable":true,"href":"https:\/\/agrovyzkum.cz\/bulletin\/wp-json\/wp\/v2\/users\/1"}],"replies":[{"embeddable":true,"href":"https:\/\/agrovyzkum.cz\/bulletin\/wp-json\/wp\/v2\/comments?post=970"}],"version-history":[{"count":0,"href":"https:\/\/agrovyzkum.cz\/bulletin\/wp-json\/wp\/v2\/pages\/970\/revisions"}],"up":[{"embeddable":true,"href":"https:\/\/agrovyzkum.cz\/bulletin\/wp-json\/wp\/v2\/pages\/349"}],"wp:featuredmedia":[{"embeddable":true,"href":"https:\/\/agrovyzkum.cz\/bulletin\/wp-json\/wp\/v2\/media\/519"}],"wp:attachment":[{"href":"https:\/\/agrovyzkum.cz\/bulletin\/wp-json\/wp\/v2\/media?parent=970"}],"curies":[{"name":"wp","href":"https:\/\/api.w.org\/{rel}","templated":true}]}}