{"id":606,"date":"2019-11-12T12:22:31","date_gmt":"2019-11-12T11:22:31","guid":{"rendered":"https:\/\/agrovyzkum.cz\/bulletin\/?page_id=606"},"modified":"2019-11-12T12:22:54","modified_gmt":"2019-11-12T11:22:54","slug":"year-2016","status":"publish","type":"page","link":"https:\/\/agrovyzkum.cz\/bulletin\/en\/archive\/year-2016\/","title":{"rendered":"Year 2016"},"content":{"rendered":"<div id=\"pl-606\"  class=\"panel-layout\" ><div id=\"pg-606-0\"  class=\"panel-grid panel-no-style\" ><div id=\"pgc-606-0-0\"  class=\"panel-grid-cell\" ><div id=\"panel-606-0-0-0\" class=\"so-panel widget_nav_menu panel-first-child panel-last-child\" data-index=\"0\" ><div class=\"menu-past-issues-container\"><ul id=\"menu-past-issues\" class=\"menu\"><li id=\"menu-item-2962\" class=\"menu-item menu-item-type-post_type menu-item-object-page menu-item-2962\"><a href=\"https:\/\/agrovyzkum.cz\/bulletin\/en\/archive\/year-2026\/\">Year 2026<\/a><\/li>\n<li id=\"menu-item-2881\" class=\"menu-item menu-item-type-post_type menu-item-object-page menu-item-2881\"><a href=\"https:\/\/agrovyzkum.cz\/bulletin\/en\/archive\/year-2025\/\">Year 2025<\/a><\/li>\n<li id=\"menu-item-2671\" class=\"menu-item menu-item-type-post_type menu-item-object-page menu-item-2671\"><a href=\"https:\/\/agrovyzkum.cz\/bulletin\/en\/archive\/year-2024\/\">Year 2024<\/a><\/li>\n<li id=\"menu-item-2400\" class=\"menu-item menu-item-type-post_type menu-item-object-page menu-item-2400\"><a href=\"https:\/\/agrovyzkum.cz\/bulletin\/en\/archive\/year-2023\/\">Year 2023<\/a><\/li>\n<li id=\"menu-item-2156\" class=\"menu-item menu-item-type-post_type menu-item-object-page menu-item-2156\"><a href=\"https:\/\/agrovyzkum.cz\/bulletin\/en\/archive\/year-2022\/\">Year 2022<\/a><\/li>\n<li id=\"menu-item-1931\" class=\"menu-item menu-item-type-post_type menu-item-object-page menu-item-1931\"><a href=\"https:\/\/agrovyzkum.cz\/bulletin\/en\/archive\/year-2021\/\">Year 2021<\/a><\/li>\n<li id=\"menu-item-1576\" class=\"menu-item menu-item-type-post_type menu-item-object-page menu-item-1576\"><a href=\"https:\/\/agrovyzkum.cz\/bulletin\/en\/archive\/year-2020\/\">Year 2020<\/a><\/li>\n<li id=\"menu-item-352\" class=\"menu-item menu-item-type-post_type menu-item-object-page menu-item-352\"><a href=\"https:\/\/agrovyzkum.cz\/bulletin\/en\/archive\/year-2019\/\">Year 2019<\/a><\/li>\n<li id=\"menu-item-361\" class=\"menu-item menu-item-type-post_type menu-item-object-page menu-item-361\"><a href=\"https:\/\/agrovyzkum.cz\/bulletin\/en\/archive\/year-2018\/\">Year 2018<\/a><\/li>\n<li id=\"menu-item-552\" class=\"menu-item menu-item-type-post_type menu-item-object-page menu-item-552\"><a href=\"https:\/\/agrovyzkum.cz\/bulletin\/en\/archive\/year-2017\/\">Year 2017<\/a><\/li>\n<li id=\"menu-item-613\" class=\"menu-item menu-item-type-post_type menu-item-object-page menu-item-613\"><a href=\"https:\/\/agrovyzkum.cz\/bulletin\/en\/archive\/year-2016\/\">Year 2016<\/a><\/li>\n<li id=\"menu-item-750\" class=\"menu-item menu-item-type-post_type menu-item-object-page menu-item-750\"><a href=\"https:\/\/agrovyzkum.cz\/bulletin\/en\/archive\/year-2015\/\">Year 2015<\/a><\/li>\n<li id=\"menu-item-822\" class=\"menu-item menu-item-type-post_type menu-item-object-page menu-item-822\"><a href=\"https:\/\/agrovyzkum.cz\/bulletin\/en\/archive\/year-2014\/\">Year 2014<\/a><\/li>\n<li id=\"menu-item-857\" class=\"menu-item menu-item-type-post_type menu-item-object-page menu-item-857\"><a href=\"https:\/\/agrovyzkum.cz\/bulletin\/en\/archive\/year-2013\/\">Year 2013<\/a><\/li>\n<li id=\"menu-item-921\" class=\"menu-item menu-item-type-post_type menu-item-object-page menu-item-921\"><a href=\"https:\/\/agrovyzkum.cz\/bulletin\/en\/archive\/year-2012\/\">Year 2012<\/a><\/li>\n<li id=\"menu-item-973\" class=\"menu-item menu-item-type-post_type menu-item-object-page menu-item-973\"><a href=\"https:\/\/agrovyzkum.cz\/bulletin\/en\/archive\/year-2011\/\">Year 2011<\/a><\/li>\n<li id=\"menu-item-1020\" class=\"menu-item menu-item-type-post_type menu-item-object-page menu-item-1020\"><a href=\"https:\/\/agrovyzkum.cz\/bulletin\/en\/archive\/year-2010\/\">Year 2010<\/a><\/li>\n<li id=\"menu-item-1067\" class=\"menu-item menu-item-type-post_type menu-item-object-page menu-item-1067\"><a href=\"https:\/\/agrovyzkum.cz\/bulletin\/en\/archive\/year-2009\/\">Year 2009<\/a><\/li>\n<li id=\"menu-item-1107\" class=\"menu-item menu-item-type-post_type menu-item-object-page menu-item-1107\"><a href=\"https:\/\/agrovyzkum.cz\/bulletin\/en\/archive\/year-2008\/\">Year 2008<\/a><\/li>\n<\/ul><\/div><\/div><\/div><div id=\"pgc-606-0-1\"  class=\"panel-grid-cell\" ><div id=\"panel-606-0-1-0\" class=\"so-panel widget_sow-editor panel-first-child panel-last-child\" data-index=\"1\" ><div\n\t\t\t\n\t\t\tclass=\"so-widget-sow-editor so-widget-sow-editor-base\"\n\t\t\t\n\t\t>\n<div class=\"siteorigin-widget-tinymce textwidget\">\n\t<style>.wp-show-posts-columns#wpsp-607 {margin-left: -2em; }.wp-show-posts-columns#wpsp-607 .wp-show-posts-inner {margin: 0 0 2em 2em; }<\/style><section id=\"wpsp-607\" class=\" wp-show-posts-columns wp-show-posts\" style=\"\"><article class=\" wp-show-posts-single post-643 post type-post status-publish format-standard has-post-thumbnail hentry category-archive category-year-2016 wpsp-col-6\" itemtype=\"http:\/\/schema.org\/CreativeWork\" itemscope><div class=\"wp-show-posts-inner\" style=\"\">\t\t<div class=\"wp-show-posts-image  wpsp-image-center \">\n\t\t\t<a href=\"https:\/\/agrovyzkum.cz\/bulletin\/en\/cattle-research-4-2016\/\"  title=\"Cattle Research 4\/2016\"><img loading=\"lazy\" decoding=\"async\" width=\"1920\" height=\"550\" src=\"https:\/\/agrovyzkum.cz\/bulletin\/wp-content\/uploads\/sites\/5\/2019\/11\/2016_4_slider.jpg\" class=\"attachment-full size-full wp-post-image\" alt=\"\" itemprop=\"image\" srcset=\"https:\/\/agrovyzkum.cz\/bulletin\/wp-content\/uploads\/sites\/5\/2019\/11\/2016_4_slider.jpg 1920w, https:\/\/agrovyzkum.cz\/bulletin\/wp-content\/uploads\/sites\/5\/2019\/11\/2016_4_slider-300x86.jpg 300w, https:\/\/agrovyzkum.cz\/bulletin\/wp-content\/uploads\/sites\/5\/2019\/11\/2016_4_slider-768x220.jpg 768w, https:\/\/agrovyzkum.cz\/bulletin\/wp-content\/uploads\/sites\/5\/2019\/11\/2016_4_slider-1024x293.jpg 1024w, https:\/\/agrovyzkum.cz\/bulletin\/wp-content\/uploads\/sites\/5\/2019\/11\/2016_4_slider-1140x326.jpg 1140w\" sizes=\"auto, (max-width: 1920px) 100vw, 1920px\" \/><\/a>\t\t<\/div>\n\t\t\t\t\t\t\t\t<header class=\"wp-show-posts-entry-header\">\n\t\t\t\t\t\t\t<h4 class=\"wp-show-posts-entry-title\" itemprop=\"headline\"><a href=\"https:\/\/agrovyzkum.cz\/bulletin\/en\/cattle-research-4-2016\/\" rel=\"bookmark\">Cattle Research 4\/2016<\/a><\/h4>\t\t\t\t\t\t<\/header><!-- .entry-header -->\n\t\t\t\t\t\t\t\t\t\t\t<div class=\"wp-show-posts-entry-summary\" itemprop=\"text\">\n\t\t\t\t\t\t\t<p>Series A \u2013 Original scientific papers Page Title \/ Author 2 Ov\u011b\u0159en\u00ed mo\u017enosti vyu\u017eit\u00ed v\u00fdluhu 1M NH4NO3 k\u00a0screeningu biomobiln\u00edch forem ho\u0159\u010d\u00edku a v\u00e1pn\u00edku v p\u016fd\u011b Verification of using 1M NH4NO3&#8230;<\/p>\n\t\t\t\t\t\t<\/div><!-- .entry-summary -->\n\t\t\t\t\t<\/div><!-- wp-show-posts-inner --><\/article><article class=\" wp-show-posts-single post-633 post type-post status-publish format-standard has-post-thumbnail hentry category-archive category-year-2016 wpsp-col-6\" itemtype=\"http:\/\/schema.org\/CreativeWork\" itemscope><div class=\"wp-show-posts-inner\" style=\"\">\t\t<div class=\"wp-show-posts-image  wpsp-image-center \">\n\t\t\t<a href=\"https:\/\/agrovyzkum.cz\/bulletin\/en\/cattle-research-3-2016\/\"  title=\"Cattle Research 3\/2016\"><img loading=\"lazy\" decoding=\"async\" width=\"1920\" height=\"550\" src=\"https:\/\/agrovyzkum.cz\/bulletin\/wp-content\/uploads\/sites\/5\/2019\/11\/2016_3_slider.jpg\" class=\"attachment-full size-full wp-post-image\" alt=\"\" itemprop=\"image\" srcset=\"https:\/\/agrovyzkum.cz\/bulletin\/wp-content\/uploads\/sites\/5\/2019\/11\/2016_3_slider.jpg 1920w, https:\/\/agrovyzkum.cz\/bulletin\/wp-content\/uploads\/sites\/5\/2019\/11\/2016_3_slider-300x86.jpg 300w, https:\/\/agrovyzkum.cz\/bulletin\/wp-content\/uploads\/sites\/5\/2019\/11\/2016_3_slider-768x220.jpg 768w, https:\/\/agrovyzkum.cz\/bulletin\/wp-content\/uploads\/sites\/5\/2019\/11\/2016_3_slider-1024x293.jpg 1024w, https:\/\/agrovyzkum.cz\/bulletin\/wp-content\/uploads\/sites\/5\/2019\/11\/2016_3_slider-1140x326.jpg 1140w\" sizes=\"auto, (max-width: 1920px) 100vw, 1920px\" \/><\/a>\t\t<\/div>\n\t\t\t\t\t\t\t\t<header class=\"wp-show-posts-entry-header\">\n\t\t\t\t\t\t\t<h4 class=\"wp-show-posts-entry-title\" itemprop=\"headline\"><a href=\"https:\/\/agrovyzkum.cz\/bulletin\/en\/cattle-research-3-2016\/\" rel=\"bookmark\">Cattle Research 3\/2016<\/a><\/h4>\t\t\t\t\t\t<\/header><!-- .entry-header -->\n\t\t\t\t\t\t\t\t\t\t\t<div class=\"wp-show-posts-entry-summary\" itemprop=\"text\">\n\t\t\t\t\t\t\t<p>Series A \u2013 Original scientific papers Page Title \/ Author 2 Legislativn\u00ed a praktick\u00e9 vyu\u017eit\u00ed p\u016fdn\u00edho v\u00fdluhu 1M NH4NO3. Mo\u017enost kvantifikace obsah\u016f zinku a drasl\u00edku v\u00a0p\u016fd\u011b. On a legislative and&#8230;<\/p>\n\t\t\t\t\t\t<\/div><!-- .entry-summary -->\n\t\t\t\t\t<\/div><!-- wp-show-posts-inner --><\/article><article class=\" wp-show-posts-single post-623 post type-post status-publish format-standard has-post-thumbnail hentry category-archive category-year-2016 wpsp-col-6\" itemtype=\"http:\/\/schema.org\/CreativeWork\" itemscope><div class=\"wp-show-posts-inner\" style=\"\">\t\t<div class=\"wp-show-posts-image  wpsp-image-center \">\n\t\t\t<a href=\"https:\/\/agrovyzkum.cz\/bulletin\/en\/cattle-research-2-2016\/\"  title=\"Cattle Research 2\/2016\"><img loading=\"lazy\" decoding=\"async\" width=\"1280\" height=\"366\" src=\"https:\/\/agrovyzkum.cz\/bulletin\/wp-content\/uploads\/sites\/5\/2019\/11\/2016_2_slider.jpg\" class=\"attachment-full size-full wp-post-image\" alt=\"\" itemprop=\"image\" srcset=\"https:\/\/agrovyzkum.cz\/bulletin\/wp-content\/uploads\/sites\/5\/2019\/11\/2016_2_slider.jpg 1280w, https:\/\/agrovyzkum.cz\/bulletin\/wp-content\/uploads\/sites\/5\/2019\/11\/2016_2_slider-300x86.jpg 300w, https:\/\/agrovyzkum.cz\/bulletin\/wp-content\/uploads\/sites\/5\/2019\/11\/2016_2_slider-768x220.jpg 768w, https:\/\/agrovyzkum.cz\/bulletin\/wp-content\/uploads\/sites\/5\/2019\/11\/2016_2_slider-1024x293.jpg 1024w, https:\/\/agrovyzkum.cz\/bulletin\/wp-content\/uploads\/sites\/5\/2019\/11\/2016_2_slider-1140x326.jpg 1140w\" sizes=\"auto, (max-width: 1280px) 100vw, 1280px\" \/><\/a>\t\t<\/div>\n\t\t\t\t\t\t\t\t<header class=\"wp-show-posts-entry-header\">\n\t\t\t\t\t\t\t<h4 class=\"wp-show-posts-entry-title\" itemprop=\"headline\"><a href=\"https:\/\/agrovyzkum.cz\/bulletin\/en\/cattle-research-2-2016\/\" rel=\"bookmark\">Cattle Research 2\/2016<\/a><\/h4>\t\t\t\t\t\t<\/header><!-- .entry-header -->\n\t\t\t\t\t\t\t\t\t\t\t<div class=\"wp-show-posts-entry-summary\" itemprop=\"text\">\n\t\t\t\t\t\t\t<p>Series A \u2013 Original scientific papers Page Title \/ Author 2 K\u0159ehkost grilovan\u00e9ho, solen\u00e9ho a vyzr\u00e1l\u00e9ho masa u p\u011bti druh\u016f zv\u00ed\u0159at Tenderness of grilled, salty and aging meat in five&#8230;<\/p>\n\t\t\t\t\t\t<\/div><!-- .entry-summary -->\n\t\t\t\t\t<\/div><!-- wp-show-posts-inner --><\/article><article class=\" wp-show-posts-single post-603 post type-post status-publish format-standard has-post-thumbnail hentry category-archive category-year-2016 wpsp-col-6\" itemtype=\"http:\/\/schema.org\/CreativeWork\" itemscope><div class=\"wp-show-posts-inner\" style=\"\">\t\t<div class=\"wp-show-posts-image  wpsp-image-center \">\n\t\t\t<a href=\"https:\/\/agrovyzkum.cz\/bulletin\/en\/cattle-research-1-2016\/\"  title=\"Cattle Research 1\/2016\"><img loading=\"lazy\" decoding=\"async\" width=\"1920\" height=\"550\" src=\"https:\/\/agrovyzkum.cz\/bulletin\/wp-content\/uploads\/sites\/5\/2019\/11\/2016_1_slider.jpg\" class=\"attachment-full size-full wp-post-image\" alt=\"\" itemprop=\"image\" srcset=\"https:\/\/agrovyzkum.cz\/bulletin\/wp-content\/uploads\/sites\/5\/2019\/11\/2016_1_slider.jpg 1920w, https:\/\/agrovyzkum.cz\/bulletin\/wp-content\/uploads\/sites\/5\/2019\/11\/2016_1_slider-300x86.jpg 300w, https:\/\/agrovyzkum.cz\/bulletin\/wp-content\/uploads\/sites\/5\/2019\/11\/2016_1_slider-768x220.jpg 768w, https:\/\/agrovyzkum.cz\/bulletin\/wp-content\/uploads\/sites\/5\/2019\/11\/2016_1_slider-1024x293.jpg 1024w, https:\/\/agrovyzkum.cz\/bulletin\/wp-content\/uploads\/sites\/5\/2019\/11\/2016_1_slider-1140x326.jpg 1140w\" sizes=\"auto, (max-width: 1920px) 100vw, 1920px\" \/><\/a>\t\t<\/div>\n\t\t\t\t\t\t\t\t<header class=\"wp-show-posts-entry-header\">\n\t\t\t\t\t\t\t<h4 class=\"wp-show-posts-entry-title\" itemprop=\"headline\"><a href=\"https:\/\/agrovyzkum.cz\/bulletin\/en\/cattle-research-1-2016\/\" rel=\"bookmark\">Cattle Research 1\/2016<\/a><\/h4>\t\t\t\t\t\t<\/header><!-- .entry-header -->\n\t\t\t\t\t\t\t\t\t\t\t<div class=\"wp-show-posts-entry-summary\" itemprop=\"text\">\n\t\t\t\t\t\t\t<p>Series A \u2013 Original scientific papers Page Title \/ Author 2 Anal\u00fdza bour\u00e1n\u00ed jate\u010dn\u011b upraven\u00fdch t\u011bl k\u0159\u00ed\u017eenc\u016f plemene wagyu Dissection analysis of carcasses of Wagyu-sired bulls Dufek, A. \u2013 L\u00e1tal,&#8230;<\/p>\n\t\t\t\t\t\t<\/div><!-- .entry-summary -->\n\t\t\t\t\t<\/div><!-- wp-show-posts-inner --><\/article><div class=\"wpsp-clear\"><\/div><\/section><!-- .wp-show-posts -->\n<\/div>\n<\/div><\/div><\/div><\/div><\/div>","protected":false},"excerpt":{"rendered":"<p>Series A \u2013 Original scientific papers Page Title \/ Author 2 Anal\u00fdza bour\u00e1n\u00ed jate\u010dn\u011b upraven\u00fdch t\u011bl k\u0159\u00ed\u017eenc\u016f plemene wagyu Dissection analysis of carcasses of Wagyu-sired bulls Dufek, A. \u2013 L\u00e1tal, O. \u2013 Vac\u00e1tko, E. [A] 9 Zm\u011bny botanick\u00e9ho slo\u017een\u00ed trval\u00e9ho travn\u00edho porostu po \u010dty\u0159ech letech od ukon\u010den\u00ed diferencovan\u00e9ho hnojen\u00ed kompostem a kejdou Changes of botanical composition of permanent grassland four [&hellip;]<\/p>\n","protected":false},"author":1,"featured_media":519,"parent":349,"menu_order":0,"comment_status":"closed","ping_status":"closed","template":"","meta":{"inline_featured_image":false,"footnotes":""},"class_list":["post-606","page","type-page","status-publish","has-post-thumbnail","hentry"],"yoast_head":"<!-- This site is optimized with the Yoast SEO plugin v24.4 - https:\/\/yoast.com\/wordpress\/plugins\/seo\/ -->\n<title>Year 2016 | V\u00fdzkum v chovu skotu<\/title>\n<meta name=\"robots\" content=\"index, follow, max-snippet:-1, max-image-preview:large, max-video-preview:-1\" \/>\n<link rel=\"canonical\" href=\"https:\/\/agrovyzkum.cz\/bulletin\/en\/archive\/year-2016\/\" \/>\n<meta property=\"og:locale\" content=\"cs_CZ\" \/>\n<meta property=\"og:type\" content=\"article\" \/>\n<meta property=\"og:title\" content=\"Year 2016 | V\u00fdzkum v chovu skotu\" \/>\n<meta property=\"og:description\" content=\"Series A \u2013 Original scientific papers Page Title \/ Author 2 Anal\u00fdza bour\u00e1n\u00ed jate\u010dn\u011b upraven\u00fdch t\u011bl k\u0159\u00ed\u017eenc\u016f plemene wagyu Dissection analysis of carcasses of Wagyu-sired bulls Dufek, A. \u2013 L\u00e1tal, O. \u2013 Vac\u00e1tko, E. [A] 9 Zm\u011bny botanick\u00e9ho slo\u017een\u00ed trval\u00e9ho travn\u00edho porostu po \u010dty\u0159ech letech od ukon\u010den\u00ed diferencovan\u00e9ho hnojen\u00ed kompostem a kejdou Changes of botanical composition of permanent grassland four [&hellip;]\" \/>\n<meta property=\"og:url\" content=\"https:\/\/agrovyzkum.cz\/bulletin\/en\/archive\/year-2016\/\" \/>\n<meta property=\"og:site_name\" content=\"V\u00fdzkum v chovu skotu\" \/>\n<meta property=\"article:modified_time\" content=\"2019-11-12T11:22:54+00:00\" \/>\n<meta property=\"og:image\" content=\"https:\/\/agrovyzkum.cz\/bulletin\/wp-content\/uploads\/sites\/5\/2019\/10\/starsi_cisla_slider_v2_1140px.jpg\" \/>\n\t<meta property=\"og:image:width\" content=\"1140\" \/>\n\t<meta property=\"og:image:height\" content=\"327\" \/>\n\t<meta property=\"og:image:type\" content=\"image\/jpeg\" \/>\n<meta name=\"twitter:card\" content=\"summary_large_image\" \/>\n<script type=\"application\/ld+json\" class=\"yoast-schema-graph\">{\"@context\":\"https:\/\/schema.org\",\"@graph\":[{\"@type\":\"WebPage\",\"@id\":\"https:\/\/agrovyzkum.cz\/bulletin\/en\/archive\/year-2016\/\",\"url\":\"https:\/\/agrovyzkum.cz\/bulletin\/en\/archive\/year-2016\/\",\"name\":\"Year 2016 | V\u00fdzkum v chovu skotu\",\"isPartOf\":{\"@id\":\"https:\/\/agrovyzkum.cz\/bulletin\/#website\"},\"primaryImageOfPage\":{\"@id\":\"https:\/\/agrovyzkum.cz\/bulletin\/en\/archive\/year-2016\/#primaryimage\"},\"image\":{\"@id\":\"https:\/\/agrovyzkum.cz\/bulletin\/en\/archive\/year-2016\/#primaryimage\"},\"thumbnailUrl\":\"https:\/\/agrovyzkum.cz\/bulletin\/wp-content\/uploads\/sites\/5\/2019\/10\/starsi_cisla_slider_v2_1140px.jpg\",\"datePublished\":\"2019-11-12T11:22:31+00:00\",\"dateModified\":\"2019-11-12T11:22:54+00:00\",\"breadcrumb\":{\"@id\":\"https:\/\/agrovyzkum.cz\/bulletin\/en\/archive\/year-2016\/#breadcrumb\"},\"inLanguage\":\"cs\",\"potentialAction\":[{\"@type\":\"ReadAction\",\"target\":[\"https:\/\/agrovyzkum.cz\/bulletin\/en\/archive\/year-2016\/\"]}]},{\"@type\":\"ImageObject\",\"inLanguage\":\"cs\",\"@id\":\"https:\/\/agrovyzkum.cz\/bulletin\/en\/archive\/year-2016\/#primaryimage\",\"url\":\"https:\/\/agrovyzkum.cz\/bulletin\/wp-content\/uploads\/sites\/5\/2019\/10\/starsi_cisla_slider_v2_1140px.jpg\",\"contentUrl\":\"https:\/\/agrovyzkum.cz\/bulletin\/wp-content\/uploads\/sites\/5\/2019\/10\/starsi_cisla_slider_v2_1140px.jpg\",\"width\":1140,\"height\":327},{\"@type\":\"BreadcrumbList\",\"@id\":\"https:\/\/agrovyzkum.cz\/bulletin\/en\/archive\/year-2016\/#breadcrumb\",\"itemListElement\":[{\"@type\":\"ListItem\",\"position\":1,\"name\":\"V\u00fdzkum v chovu skotu\",\"item\":\"https:\/\/agrovyzkum.cz\/bulletin\/\"},{\"@type\":\"ListItem\",\"position\":2,\"name\":\"Archive\",\"item\":\"https:\/\/agrovyzkum.cz\/bulletin\/en\/archive\/\"},{\"@type\":\"ListItem\",\"position\":3,\"name\":\"Year 2016\"}]},{\"@type\":\"WebSite\",\"@id\":\"https:\/\/agrovyzkum.cz\/bulletin\/#website\",\"url\":\"https:\/\/agrovyzkum.cz\/bulletin\/\",\"name\":\"V\u00fdzkum v chovu skotu\",\"description\":\"\",\"publisher\":{\"@id\":\"https:\/\/agrovyzkum.cz\/bulletin\/#organization\"},\"potentialAction\":[{\"@type\":\"SearchAction\",\"target\":{\"@type\":\"EntryPoint\",\"urlTemplate\":\"https:\/\/agrovyzkum.cz\/bulletin\/?s={search_term_string}\"},\"query-input\":{\"@type\":\"PropertyValueSpecification\",\"valueRequired\":true,\"valueName\":\"search_term_string\"}}],\"inLanguage\":\"cs\"},{\"@type\":\"Organization\",\"@id\":\"https:\/\/agrovyzkum.cz\/bulletin\/#organization\",\"name\":\"Agrov\u00fdzkum Rapot\u00edn s.r.o.\",\"url\":\"https:\/\/agrovyzkum.cz\/bulletin\/\",\"logo\":{\"@type\":\"ImageObject\",\"inLanguage\":\"cs\",\"@id\":\"https:\/\/agrovyzkum.cz\/bulletin\/#\/schema\/logo\/image\/\",\"url\":\"https:\/\/agrovyzkum.cz\/bulletin\/wp-content\/uploads\/sites\/5\/2020\/03\/logo_agro.svg\",\"contentUrl\":\"https:\/\/agrovyzkum.cz\/bulletin\/wp-content\/uploads\/sites\/5\/2020\/03\/logo_agro.svg\",\"width\":36,\"height\":22,\"caption\":\"Agrov\u00fdzkum Rapot\u00edn s.r.o.\"},\"image\":{\"@id\":\"https:\/\/agrovyzkum.cz\/bulletin\/#\/schema\/logo\/image\/\"}}]}<\/script>\n<!-- \/ Yoast SEO plugin. -->","yoast_head_json":{"title":"Year 2016 | V\u00fdzkum v chovu skotu","robots":{"index":"index","follow":"follow","max-snippet":"max-snippet:-1","max-image-preview":"max-image-preview:large","max-video-preview":"max-video-preview:-1"},"canonical":"https:\/\/agrovyzkum.cz\/bulletin\/en\/archive\/year-2016\/","og_locale":"cs_CZ","og_type":"article","og_title":"Year 2016 | V\u00fdzkum v chovu skotu","og_description":"Series A \u2013 Original scientific papers Page Title \/ Author 2 Anal\u00fdza bour\u00e1n\u00ed jate\u010dn\u011b upraven\u00fdch t\u011bl k\u0159\u00ed\u017eenc\u016f plemene wagyu Dissection analysis of carcasses of Wagyu-sired bulls Dufek, A. \u2013 L\u00e1tal, O. \u2013 Vac\u00e1tko, E. [A] 9 Zm\u011bny botanick\u00e9ho slo\u017een\u00ed trval\u00e9ho travn\u00edho porostu po \u010dty\u0159ech letech od ukon\u010den\u00ed diferencovan\u00e9ho hnojen\u00ed kompostem a kejdou Changes of botanical composition of permanent grassland four [&hellip;]","og_url":"https:\/\/agrovyzkum.cz\/bulletin\/en\/archive\/year-2016\/","og_site_name":"V\u00fdzkum v chovu skotu","article_modified_time":"2019-11-12T11:22:54+00:00","og_image":[{"width":1140,"height":327,"url":"https:\/\/agrovyzkum.cz\/bulletin\/wp-content\/uploads\/sites\/5\/2019\/10\/starsi_cisla_slider_v2_1140px.jpg","type":"image\/jpeg"}],"twitter_card":"summary_large_image","schema":{"@context":"https:\/\/schema.org","@graph":[{"@type":"WebPage","@id":"https:\/\/agrovyzkum.cz\/bulletin\/en\/archive\/year-2016\/","url":"https:\/\/agrovyzkum.cz\/bulletin\/en\/archive\/year-2016\/","name":"Year 2016 | V\u00fdzkum v chovu skotu","isPartOf":{"@id":"https:\/\/agrovyzkum.cz\/bulletin\/#website"},"primaryImageOfPage":{"@id":"https:\/\/agrovyzkum.cz\/bulletin\/en\/archive\/year-2016\/#primaryimage"},"image":{"@id":"https:\/\/agrovyzkum.cz\/bulletin\/en\/archive\/year-2016\/#primaryimage"},"thumbnailUrl":"https:\/\/agrovyzkum.cz\/bulletin\/wp-content\/uploads\/sites\/5\/2019\/10\/starsi_cisla_slider_v2_1140px.jpg","datePublished":"2019-11-12T11:22:31+00:00","dateModified":"2019-11-12T11:22:54+00:00","breadcrumb":{"@id":"https:\/\/agrovyzkum.cz\/bulletin\/en\/archive\/year-2016\/#breadcrumb"},"inLanguage":"cs","potentialAction":[{"@type":"ReadAction","target":["https:\/\/agrovyzkum.cz\/bulletin\/en\/archive\/year-2016\/"]}]},{"@type":"ImageObject","inLanguage":"cs","@id":"https:\/\/agrovyzkum.cz\/bulletin\/en\/archive\/year-2016\/#primaryimage","url":"https:\/\/agrovyzkum.cz\/bulletin\/wp-content\/uploads\/sites\/5\/2019\/10\/starsi_cisla_slider_v2_1140px.jpg","contentUrl":"https:\/\/agrovyzkum.cz\/bulletin\/wp-content\/uploads\/sites\/5\/2019\/10\/starsi_cisla_slider_v2_1140px.jpg","width":1140,"height":327},{"@type":"BreadcrumbList","@id":"https:\/\/agrovyzkum.cz\/bulletin\/en\/archive\/year-2016\/#breadcrumb","itemListElement":[{"@type":"ListItem","position":1,"name":"V\u00fdzkum v chovu skotu","item":"https:\/\/agrovyzkum.cz\/bulletin\/"},{"@type":"ListItem","position":2,"name":"Archive","item":"https:\/\/agrovyzkum.cz\/bulletin\/en\/archive\/"},{"@type":"ListItem","position":3,"name":"Year 2016"}]},{"@type":"WebSite","@id":"https:\/\/agrovyzkum.cz\/bulletin\/#website","url":"https:\/\/agrovyzkum.cz\/bulletin\/","name":"V\u00fdzkum v chovu skotu","description":"","publisher":{"@id":"https:\/\/agrovyzkum.cz\/bulletin\/#organization"},"potentialAction":[{"@type":"SearchAction","target":{"@type":"EntryPoint","urlTemplate":"https:\/\/agrovyzkum.cz\/bulletin\/?s={search_term_string}"},"query-input":{"@type":"PropertyValueSpecification","valueRequired":true,"valueName":"search_term_string"}}],"inLanguage":"cs"},{"@type":"Organization","@id":"https:\/\/agrovyzkum.cz\/bulletin\/#organization","name":"Agrov\u00fdzkum Rapot\u00edn s.r.o.","url":"https:\/\/agrovyzkum.cz\/bulletin\/","logo":{"@type":"ImageObject","inLanguage":"cs","@id":"https:\/\/agrovyzkum.cz\/bulletin\/#\/schema\/logo\/image\/","url":"https:\/\/agrovyzkum.cz\/bulletin\/wp-content\/uploads\/sites\/5\/2020\/03\/logo_agro.svg","contentUrl":"https:\/\/agrovyzkum.cz\/bulletin\/wp-content\/uploads\/sites\/5\/2020\/03\/logo_agro.svg","width":36,"height":22,"caption":"Agrov\u00fdzkum Rapot\u00edn s.r.o."},"image":{"@id":"https:\/\/agrovyzkum.cz\/bulletin\/#\/schema\/logo\/image\/"}}]}},"_links":{"self":[{"href":"https:\/\/agrovyzkum.cz\/bulletin\/wp-json\/wp\/v2\/pages\/606","targetHints":{"allow":["GET"]}}],"collection":[{"href":"https:\/\/agrovyzkum.cz\/bulletin\/wp-json\/wp\/v2\/pages"}],"about":[{"href":"https:\/\/agrovyzkum.cz\/bulletin\/wp-json\/wp\/v2\/types\/page"}],"author":[{"embeddable":true,"href":"https:\/\/agrovyzkum.cz\/bulletin\/wp-json\/wp\/v2\/users\/1"}],"replies":[{"embeddable":true,"href":"https:\/\/agrovyzkum.cz\/bulletin\/wp-json\/wp\/v2\/comments?post=606"}],"version-history":[{"count":0,"href":"https:\/\/agrovyzkum.cz\/bulletin\/wp-json\/wp\/v2\/pages\/606\/revisions"}],"up":[{"embeddable":true,"href":"https:\/\/agrovyzkum.cz\/bulletin\/wp-json\/wp\/v2\/pages\/349"}],"wp:featuredmedia":[{"embeddable":true,"href":"https:\/\/agrovyzkum.cz\/bulletin\/wp-json\/wp\/v2\/media\/519"}],"wp:attachment":[{"href":"https:\/\/agrovyzkum.cz\/bulletin\/wp-json\/wp\/v2\/media?parent=606"}],"curies":[{"name":"wp","href":"https:\/\/api.w.org\/{rel}","templated":true}]}}