{"id":30,"date":"2019-08-20T18:49:55","date_gmt":"2019-08-20T16:49:55","guid":{"rendered":"https:\/\/agrovyzkum.cz\/bulletin\/?page_id=30"},"modified":"2025-02-07T11:37:12","modified_gmt":"2025-02-07T10:37:12","slug":"kontakt","status":"publish","type":"page","link":"https:\/\/agrovyzkum.cz\/bulletin\/kontakt\/","title":{"rendered":"Kontakt"},"content":{"rendered":"<div id=\"pl-30\"  class=\"panel-layout\" ><div id=\"pg-30-0\"  class=\"panel-grid panel-no-style\" ><div id=\"pgc-30-0-0\"  class=\"panel-grid-cell\" ><div id=\"panel-30-0-0-0\" class=\"so-panel widget_sow-editor panel-first-child panel-last-child\" data-index=\"0\" ><div\n\t\t\t\n\t\t\tclass=\"so-widget-sow-editor so-widget-sow-editor-base\"\n\t\t\t\n\t\t>\n<div class=\"siteorigin-widget-tinymce textwidget\">\n\t<h4>Adresa redakce<\/h4>\n<p>V\u00fdzkum v chovu skotu<br \/>\nAgrov\u00fdzkum Rapot\u00edn s.r.o.<br \/>\nZem\u011bd\u011blsk\u00e1 2520\/16, 787 01 \u0160umperk<br \/>\nE-mail: <a href=\"&#x6d;&#97;i&#x6c;&#x74;&#111;:&#x72;&#x65;&#100;a&#x6b;&#99;e&#x40;&#x61;&#103;r&#x6f;&#x76;&#121;z&#x6b;&#117;&#109;&#x2e;&#x63;&#122;\">redakce [at] agrovyzkum.cz<\/a><\/p>\n<\/div>\n<\/div><\/div><\/div><\/div><\/div>","protected":false},"excerpt":{"rendered":"<p>Adresa redakce V\u00fdzkum v chovu skotu Agrov\u00fdzkum Rapot\u00edn s.r.o. Zem\u011bd\u011blsk\u00e1 2520\/16, 787 01 \u0160umperk E-mail: redakce [at] agrovyzkum.cz<\/p>\n","protected":false},"author":1,"featured_media":421,"parent":0,"menu_order":0,"comment_status":"closed","ping_status":"closed","template":"page-contact-agro.php","meta":{"inline_featured_image":false,"footnotes":""},"class_list":["post-30","page","type-page","status-publish","has-post-thumbnail","hentry"],"yoast_head":"<!-- This site is optimized with the Yoast SEO plugin v24.4 - https:\/\/yoast.com\/wordpress\/plugins\/seo\/ -->\n<title>Kontakt | V\u00fdzkum v chovu skotu<\/title>\n<meta name=\"robots\" content=\"index, follow, max-snippet:-1, max-image-preview:large, max-video-preview:-1\" \/>\n<link rel=\"canonical\" href=\"https:\/\/agrovyzkum.cz\/bulletin\/kontakt\/\" \/>\n<meta property=\"og:locale\" content=\"cs_CZ\" \/>\n<meta property=\"og:type\" content=\"article\" \/>\n<meta property=\"og:title\" content=\"Kontakt | V\u00fdzkum v chovu skotu\" \/>\n<meta property=\"og:description\" content=\"Adresa redakce V\u00fdzkum v chovu skotu Agrov\u00fdzkum Rapot\u00edn s.r.o. Zem\u011bd\u011blsk\u00e1 2520\/16, 787 01 \u0160umperk E-mail: redakce [at] agrovyzkum.cz\" \/>\n<meta property=\"og:url\" content=\"https:\/\/agrovyzkum.cz\/bulletin\/kontakt\/\" \/>\n<meta property=\"og:site_name\" content=\"V\u00fdzkum v chovu skotu\" \/>\n<meta property=\"article:modified_time\" content=\"2025-02-07T10:37:12+00:00\" \/>\n<meta property=\"og:image\" content=\"http:\/\/agrovyzkum.cz\/bulletin\/wp-content\/uploads\/sites\/5\/2019\/09\/P1010001_fi.jpg\" \/>\n\t<meta property=\"og:image:width\" content=\"1749\" \/>\n\t<meta property=\"og:image:height\" content=\"501\" \/>\n\t<meta property=\"og:image:type\" content=\"image\/jpeg\" \/>\n<meta name=\"twitter:card\" content=\"summary_large_image\" \/>\n<meta name=\"twitter:label1\" content=\"Odhadovan\u00e1 doba \u010dten\u00ed\" \/>\n\t<meta name=\"twitter:data1\" content=\"1 minuta\" \/>\n<script type=\"application\/ld+json\" class=\"yoast-schema-graph\">{\"@context\":\"https:\/\/schema.org\",\"@graph\":[{\"@type\":\"WebPage\",\"@id\":\"https:\/\/agrovyzkum.cz\/bulletin\/kontakt\/\",\"url\":\"https:\/\/agrovyzkum.cz\/bulletin\/kontakt\/\",\"name\":\"Kontakt | V\u00fdzkum v chovu skotu\",\"isPartOf\":{\"@id\":\"https:\/\/agrovyzkum.cz\/bulletin\/#website\"},\"primaryImageOfPage\":{\"@id\":\"https:\/\/agrovyzkum.cz\/bulletin\/kontakt\/#primaryimage\"},\"image\":{\"@id\":\"https:\/\/agrovyzkum.cz\/bulletin\/kontakt\/#primaryimage\"},\"thumbnailUrl\":\"https:\/\/agrovyzkum.cz\/bulletin\/wp-content\/uploads\/sites\/5\/2019\/09\/P1010001_fi.jpg\",\"datePublished\":\"2019-08-20T16:49:55+00:00\",\"dateModified\":\"2025-02-07T10:37:12+00:00\",\"breadcrumb\":{\"@id\":\"https:\/\/agrovyzkum.cz\/bulletin\/kontakt\/#breadcrumb\"},\"inLanguage\":\"cs\",\"potentialAction\":[{\"@type\":\"ReadAction\",\"target\":[\"https:\/\/agrovyzkum.cz\/bulletin\/kontakt\/\"]}]},{\"@type\":\"ImageObject\",\"inLanguage\":\"cs\",\"@id\":\"https:\/\/agrovyzkum.cz\/bulletin\/kontakt\/#primaryimage\",\"url\":\"https:\/\/agrovyzkum.cz\/bulletin\/wp-content\/uploads\/sites\/5\/2019\/09\/P1010001_fi.jpg\",\"contentUrl\":\"https:\/\/agrovyzkum.cz\/bulletin\/wp-content\/uploads\/sites\/5\/2019\/09\/P1010001_fi.jpg\",\"width\":1749,\"height\":501},{\"@type\":\"BreadcrumbList\",\"@id\":\"https:\/\/agrovyzkum.cz\/bulletin\/kontakt\/#breadcrumb\",\"itemListElement\":[{\"@type\":\"ListItem\",\"position\":1,\"name\":\"V\u00fdzkum v chovu skotu\",\"item\":\"https:\/\/agrovyzkum.cz\/bulletin\/\"},{\"@type\":\"ListItem\",\"position\":2,\"name\":\"Kontakt\"}]},{\"@type\":\"WebSite\",\"@id\":\"https:\/\/agrovyzkum.cz\/bulletin\/#website\",\"url\":\"https:\/\/agrovyzkum.cz\/bulletin\/\",\"name\":\"V\u00fdzkum v chovu skotu\",\"description\":\"\",\"publisher\":{\"@id\":\"https:\/\/agrovyzkum.cz\/bulletin\/#organization\"},\"potentialAction\":[{\"@type\":\"SearchAction\",\"target\":{\"@type\":\"EntryPoint\",\"urlTemplate\":\"https:\/\/agrovyzkum.cz\/bulletin\/?s={search_term_string}\"},\"query-input\":{\"@type\":\"PropertyValueSpecification\",\"valueRequired\":true,\"valueName\":\"search_term_string\"}}],\"inLanguage\":\"cs\"},{\"@type\":\"Organization\",\"@id\":\"https:\/\/agrovyzkum.cz\/bulletin\/#organization\",\"name\":\"Agrov\u00fdzkum Rapot\u00edn s.r.o.\",\"url\":\"https:\/\/agrovyzkum.cz\/bulletin\/\",\"logo\":{\"@type\":\"ImageObject\",\"inLanguage\":\"cs\",\"@id\":\"https:\/\/agrovyzkum.cz\/bulletin\/#\/schema\/logo\/image\/\",\"url\":\"https:\/\/agrovyzkum.cz\/bulletin\/wp-content\/uploads\/sites\/5\/2020\/03\/logo_agro.svg\",\"contentUrl\":\"https:\/\/agrovyzkum.cz\/bulletin\/wp-content\/uploads\/sites\/5\/2020\/03\/logo_agro.svg\",\"width\":36,\"height\":22,\"caption\":\"Agrov\u00fdzkum Rapot\u00edn s.r.o.\"},\"image\":{\"@id\":\"https:\/\/agrovyzkum.cz\/bulletin\/#\/schema\/logo\/image\/\"}}]}<\/script>\n<!-- \/ Yoast SEO plugin. -->","yoast_head_json":{"title":"Kontakt | V\u00fdzkum v chovu skotu","robots":{"index":"index","follow":"follow","max-snippet":"max-snippet:-1","max-image-preview":"max-image-preview:large","max-video-preview":"max-video-preview:-1"},"canonical":"https:\/\/agrovyzkum.cz\/bulletin\/kontakt\/","og_locale":"cs_CZ","og_type":"article","og_title":"Kontakt | V\u00fdzkum v chovu skotu","og_description":"Adresa redakce V\u00fdzkum v chovu skotu Agrov\u00fdzkum Rapot\u00edn s.r.o. Zem\u011bd\u011blsk\u00e1 2520\/16, 787 01 \u0160umperk E-mail: redakce [at] agrovyzkum.cz","og_url":"https:\/\/agrovyzkum.cz\/bulletin\/kontakt\/","og_site_name":"V\u00fdzkum v chovu skotu","article_modified_time":"2025-02-07T10:37:12+00:00","og_image":[{"width":1749,"height":501,"url":"http:\/\/agrovyzkum.cz\/bulletin\/wp-content\/uploads\/sites\/5\/2019\/09\/P1010001_fi.jpg","type":"image\/jpeg"}],"twitter_card":"summary_large_image","twitter_misc":{"Odhadovan\u00e1 doba \u010dten\u00ed":"1 minuta"},"schema":{"@context":"https:\/\/schema.org","@graph":[{"@type":"WebPage","@id":"https:\/\/agrovyzkum.cz\/bulletin\/kontakt\/","url":"https:\/\/agrovyzkum.cz\/bulletin\/kontakt\/","name":"Kontakt | V\u00fdzkum v chovu skotu","isPartOf":{"@id":"https:\/\/agrovyzkum.cz\/bulletin\/#website"},"primaryImageOfPage":{"@id":"https:\/\/agrovyzkum.cz\/bulletin\/kontakt\/#primaryimage"},"image":{"@id":"https:\/\/agrovyzkum.cz\/bulletin\/kontakt\/#primaryimage"},"thumbnailUrl":"https:\/\/agrovyzkum.cz\/bulletin\/wp-content\/uploads\/sites\/5\/2019\/09\/P1010001_fi.jpg","datePublished":"2019-08-20T16:49:55+00:00","dateModified":"2025-02-07T10:37:12+00:00","breadcrumb":{"@id":"https:\/\/agrovyzkum.cz\/bulletin\/kontakt\/#breadcrumb"},"inLanguage":"cs","potentialAction":[{"@type":"ReadAction","target":["https:\/\/agrovyzkum.cz\/bulletin\/kontakt\/"]}]},{"@type":"ImageObject","inLanguage":"cs","@id":"https:\/\/agrovyzkum.cz\/bulletin\/kontakt\/#primaryimage","url":"https:\/\/agrovyzkum.cz\/bulletin\/wp-content\/uploads\/sites\/5\/2019\/09\/P1010001_fi.jpg","contentUrl":"https:\/\/agrovyzkum.cz\/bulletin\/wp-content\/uploads\/sites\/5\/2019\/09\/P1010001_fi.jpg","width":1749,"height":501},{"@type":"BreadcrumbList","@id":"https:\/\/agrovyzkum.cz\/bulletin\/kontakt\/#breadcrumb","itemListElement":[{"@type":"ListItem","position":1,"name":"V\u00fdzkum v chovu skotu","item":"https:\/\/agrovyzkum.cz\/bulletin\/"},{"@type":"ListItem","position":2,"name":"Kontakt"}]},{"@type":"WebSite","@id":"https:\/\/agrovyzkum.cz\/bulletin\/#website","url":"https:\/\/agrovyzkum.cz\/bulletin\/","name":"V\u00fdzkum v chovu skotu","description":"","publisher":{"@id":"https:\/\/agrovyzkum.cz\/bulletin\/#organization"},"potentialAction":[{"@type":"SearchAction","target":{"@type":"EntryPoint","urlTemplate":"https:\/\/agrovyzkum.cz\/bulletin\/?s={search_term_string}"},"query-input":{"@type":"PropertyValueSpecification","valueRequired":true,"valueName":"search_term_string"}}],"inLanguage":"cs"},{"@type":"Organization","@id":"https:\/\/agrovyzkum.cz\/bulletin\/#organization","name":"Agrov\u00fdzkum Rapot\u00edn s.r.o.","url":"https:\/\/agrovyzkum.cz\/bulletin\/","logo":{"@type":"ImageObject","inLanguage":"cs","@id":"https:\/\/agrovyzkum.cz\/bulletin\/#\/schema\/logo\/image\/","url":"https:\/\/agrovyzkum.cz\/bulletin\/wp-content\/uploads\/sites\/5\/2020\/03\/logo_agro.svg","contentUrl":"https:\/\/agrovyzkum.cz\/bulletin\/wp-content\/uploads\/sites\/5\/2020\/03\/logo_agro.svg","width":36,"height":22,"caption":"Agrov\u00fdzkum Rapot\u00edn s.r.o."},"image":{"@id":"https:\/\/agrovyzkum.cz\/bulletin\/#\/schema\/logo\/image\/"}}]}},"_links":{"self":[{"href":"https:\/\/agrovyzkum.cz\/bulletin\/wp-json\/wp\/v2\/pages\/30","targetHints":{"allow":["GET"]}}],"collection":[{"href":"https:\/\/agrovyzkum.cz\/bulletin\/wp-json\/wp\/v2\/pages"}],"about":[{"href":"https:\/\/agrovyzkum.cz\/bulletin\/wp-json\/wp\/v2\/types\/page"}],"author":[{"embeddable":true,"href":"https:\/\/agrovyzkum.cz\/bulletin\/wp-json\/wp\/v2\/users\/1"}],"replies":[{"embeddable":true,"href":"https:\/\/agrovyzkum.cz\/bulletin\/wp-json\/wp\/v2\/comments?post=30"}],"version-history":[{"count":2,"href":"https:\/\/agrovyzkum.cz\/bulletin\/wp-json\/wp\/v2\/pages\/30\/revisions"}],"predecessor-version":[{"id":2846,"href":"https:\/\/agrovyzkum.cz\/bulletin\/wp-json\/wp\/v2\/pages\/30\/revisions\/2846"}],"wp:featuredmedia":[{"embeddable":true,"href":"https:\/\/agrovyzkum.cz\/bulletin\/wp-json\/wp\/v2\/media\/421"}],"wp:attachment":[{"href":"https:\/\/agrovyzkum.cz\/bulletin\/wp-json\/wp\/v2\/media?parent=30"}],"curies":[{"name":"wp","href":"https:\/\/api.w.org\/{rel}","templated":true}]}}