{"id":218,"date":"2019-08-22T11:06:40","date_gmt":"2019-08-22T09:06:40","guid":{"rendered":"https:\/\/agrovyzkum.cz\/bulletin\/?page_id=218"},"modified":"2019-10-07T10:18:12","modified_gmt":"2019-10-07T08:18:12","slug":"rok-vydani-2019","status":"publish","type":"page","link":"https:\/\/agrovyzkum.cz\/bulletin\/archiv\/rok-vydani-2019\/","title":{"rendered":"Rok vyd\u00e1n\u00ed 2019"},"content":{"rendered":"<div id=\"pl-218\"  class=\"panel-layout\" ><div id=\"pg-218-0\"  class=\"panel-grid panel-no-style\" ><div id=\"pgc-218-0-0\"  class=\"panel-grid-cell\" ><div id=\"panel-218-0-0-0\" class=\"so-panel widget_nav_menu panel-first-child panel-last-child\" data-index=\"0\" ><div class=\"menu-starsi-cisla-container\"><ul id=\"menu-starsi-cisla\" class=\"menu\"><li id=\"menu-item-2880\" class=\"menu-item menu-item-type-post_type menu-item-object-page menu-item-2880\"><a href=\"https:\/\/agrovyzkum.cz\/bulletin\/archiv\/rok-vydani-2025\/\">Rok vyd\u00e1n\u00ed 2025<\/a><\/li>\n<li id=\"menu-item-2670\" class=\"menu-item menu-item-type-post_type menu-item-object-page menu-item-2670\"><a href=\"https:\/\/agrovyzkum.cz\/bulletin\/archiv\/rok-vydani-2024\/\">Rok vyd\u00e1n\u00ed 2024<\/a><\/li>\n<li id=\"menu-item-2399\" class=\"menu-item menu-item-type-post_type menu-item-object-page menu-item-2399\"><a href=\"https:\/\/agrovyzkum.cz\/bulletin\/archiv\/rok-vydani-2023\/\">Rok vyd\u00e1n\u00ed 2023<\/a><\/li>\n<li id=\"menu-item-2155\" class=\"menu-item menu-item-type-post_type menu-item-object-page menu-item-2155\"><a href=\"https:\/\/agrovyzkum.cz\/bulletin\/archiv\/rok-vydani-2022\/\">Rok vyd\u00e1n\u00ed 2022<\/a><\/li>\n<li id=\"menu-item-1930\" class=\"menu-item menu-item-type-post_type menu-item-object-page menu-item-1930\"><a href=\"https:\/\/agrovyzkum.cz\/bulletin\/archiv\/rok-vydani-2021\/\">Rok vyd\u00e1n\u00ed 2021<\/a><\/li>\n<li id=\"menu-item-1575\" class=\"menu-item menu-item-type-post_type menu-item-object-page menu-item-1575\"><a href=\"https:\/\/agrovyzkum.cz\/bulletin\/archiv\/rok-vydani-2020\/\">Rok vyd\u00e1n\u00ed 2020<\/a><\/li>\n<li id=\"menu-item-221\" class=\"menu-item menu-item-type-post_type menu-item-object-page menu-item-221\"><a href=\"https:\/\/agrovyzkum.cz\/bulletin\/archiv\/rok-vydani-2019\/\">Rok vyd\u00e1n\u00ed 2019<\/a><\/li>\n<li id=\"menu-item-215\" class=\"menu-item menu-item-type-post_type menu-item-object-page menu-item-215\"><a href=\"https:\/\/agrovyzkum.cz\/bulletin\/archiv\/rok-vydani-2018\/\">Rok vyd\u00e1n\u00ed 2018<\/a><\/li>\n<li id=\"menu-item-325\" class=\"menu-item menu-item-type-post_type menu-item-object-page menu-item-325\"><a href=\"https:\/\/agrovyzkum.cz\/bulletin\/archiv\/rok-vydani-2017\/\">Rok vyd\u00e1n\u00ed 2017<\/a><\/li>\n<li id=\"menu-item-324\" class=\"menu-item menu-item-type-post_type menu-item-object-page menu-item-324\"><a href=\"https:\/\/agrovyzkum.cz\/bulletin\/archiv\/rok-vydani-2016\/\">Rok vyd\u00e1n\u00ed 2016<\/a><\/li>\n<li id=\"menu-item-323\" class=\"menu-item menu-item-type-post_type menu-item-object-page menu-item-323\"><a href=\"https:\/\/agrovyzkum.cz\/bulletin\/archiv\/rok-vydani-2015\/\">Rok vyd\u00e1n\u00ed 2015<\/a><\/li>\n<li id=\"menu-item-322\" class=\"menu-item menu-item-type-post_type menu-item-object-page menu-item-322\"><a href=\"https:\/\/agrovyzkum.cz\/bulletin\/archiv\/rok-vydani-2014\/\">Rok vyd\u00e1n\u00ed 2014<\/a><\/li>\n<li id=\"menu-item-321\" class=\"menu-item menu-item-type-post_type menu-item-object-page menu-item-321\"><a href=\"https:\/\/agrovyzkum.cz\/bulletin\/archiv\/rok-vydani-2013\/\">Rok vyd\u00e1n\u00ed 2013<\/a><\/li>\n<li id=\"menu-item-320\" class=\"menu-item menu-item-type-post_type menu-item-object-page menu-item-320\"><a href=\"https:\/\/agrovyzkum.cz\/bulletin\/archiv\/rok-vydani-2012\/\">Rok vyd\u00e1n\u00ed 2012<\/a><\/li>\n<li id=\"menu-item-319\" class=\"menu-item menu-item-type-post_type menu-item-object-page menu-item-319\"><a href=\"https:\/\/agrovyzkum.cz\/bulletin\/archiv\/rok-vydani-2011\/\">Rok vyd\u00e1n\u00ed 2011<\/a><\/li>\n<li id=\"menu-item-318\" class=\"menu-item menu-item-type-post_type menu-item-object-page menu-item-318\"><a href=\"https:\/\/agrovyzkum.cz\/bulletin\/archiv\/rok-vydani-2010\/\">Rok vyd\u00e1n\u00ed 2010<\/a><\/li>\n<li id=\"menu-item-317\" class=\"menu-item menu-item-type-post_type menu-item-object-page menu-item-317\"><a href=\"https:\/\/agrovyzkum.cz\/bulletin\/archiv\/rok-vydani-2009\/\">Rok vyd\u00e1n\u00ed 2009<\/a><\/li>\n<li id=\"menu-item-316\" class=\"menu-item menu-item-type-post_type menu-item-object-page menu-item-316\"><a href=\"https:\/\/agrovyzkum.cz\/bulletin\/archiv\/rok-vydani-2008\/\">Rok vyd\u00e1n\u00ed 2008<\/a><\/li>\n<\/ul><\/div><\/div><\/div><div id=\"pgc-218-0-1\"  class=\"panel-grid-cell\" ><div id=\"panel-218-0-1-0\" class=\"so-panel widget_sow-editor panel-first-child panel-last-child\" data-index=\"1\" ><div\n\t\t\t\n\t\t\tclass=\"so-widget-sow-editor so-widget-sow-editor-base\"\n\t\t\t\n\t\t>\n<div class=\"siteorigin-widget-tinymce textwidget\">\n\t<style>.wp-show-posts-columns#wpsp-264 {margin-left: -2em; }.wp-show-posts-columns#wpsp-264 .wp-show-posts-inner {margin: 0 0 2em 2em; }<\/style><section id=\"wpsp-264\" class=\" wp-show-posts-columns wp-show-posts\" style=\"\"><article class=\" wp-show-posts-single post-1321 post type-post status-publish format-standard has-post-thumbnail hentry category-archiv category-rok-2019 wpsp-col-6\" itemtype=\"http:\/\/schema.org\/CreativeWork\" itemscope><div class=\"wp-show-posts-inner\" style=\"\">\t\t<div class=\"wp-show-posts-image  wpsp-image-center \">\n\t\t\t<a href=\"https:\/\/agrovyzkum.cz\/bulletin\/vyzkum-v-chovu-skotu-4-2019\/\"  title=\"V\u00fdzkum v chovu skotu 4\/2019\"><img loading=\"lazy\" decoding=\"async\" width=\"1920\" height=\"550\" src=\"https:\/\/agrovyzkum.cz\/bulletin\/wp-content\/uploads\/sites\/5\/2020\/01\/2019_4_slider.jpg\" class=\"attachment-full size-full wp-post-image\" alt=\"\" itemprop=\"image\" srcset=\"https:\/\/agrovyzkum.cz\/bulletin\/wp-content\/uploads\/sites\/5\/2020\/01\/2019_4_slider.jpg 1920w, https:\/\/agrovyzkum.cz\/bulletin\/wp-content\/uploads\/sites\/5\/2020\/01\/2019_4_slider-300x86.jpg 300w, https:\/\/agrovyzkum.cz\/bulletin\/wp-content\/uploads\/sites\/5\/2020\/01\/2019_4_slider-768x220.jpg 768w, https:\/\/agrovyzkum.cz\/bulletin\/wp-content\/uploads\/sites\/5\/2020\/01\/2019_4_slider-1024x293.jpg 1024w, https:\/\/agrovyzkum.cz\/bulletin\/wp-content\/uploads\/sites\/5\/2020\/01\/2019_4_slider-1140x326.jpg 1140w\" sizes=\"auto, (max-width: 1920px) 100vw, 1920px\" \/><\/a>\t\t<\/div>\n\t\t\t\t\t\t\t\t<header class=\"wp-show-posts-entry-header\">\n\t\t\t\t\t\t\t<h4 class=\"wp-show-posts-entry-title\" itemprop=\"headline\"><a href=\"https:\/\/agrovyzkum.cz\/bulletin\/vyzkum-v-chovu-skotu-4-2019\/\" rel=\"bookmark\">V\u00fdzkum v chovu skotu 4\/2019<\/a><\/h4>\t\t\t\t\t\t<\/header><!-- .entry-header -->\n\t\t\t\t\t\t\t\t\t\t\t<div class=\"wp-show-posts-entry-summary\" itemprop=\"text\">\n\t\t\t\t\t\t\t<p>S\u00e9rie A \u2013 P\u016fvodn\u00ed v\u011bdeck\u00e1 sd\u011blen\u00ed Strana N\u00e1zev \u010dl\u00e1nku \/ autor 3 Pedochemick\u00e1 charakteristika p\u016fd typick\u00fdch pastevn\u00edch lokalit N\u00e1rodn\u00ed p\u0159\u00edrodn\u00ed rezervace Mohelensk\u00e1 hadcov\u00e1 step. II. Obsah potenci\u00e1ln\u011b rizikov\u00fdch prvk\u016f a&#8230;<\/p>\n\t\t\t\t\t\t<\/div><!-- .entry-summary -->\n\t\t\t\t\t<\/div><!-- wp-show-posts-inner --><\/article><article class=\" wp-show-posts-single post-1304 post type-post status-publish format-standard has-post-thumbnail hentry category-archiv category-rok-2019 wpsp-col-6\" itemtype=\"http:\/\/schema.org\/CreativeWork\" itemscope><div class=\"wp-show-posts-inner\" style=\"\">\t\t<div class=\"wp-show-posts-image  wpsp-image-center \">\n\t\t\t<a href=\"https:\/\/agrovyzkum.cz\/bulletin\/vyzkum-v-chovu-skotu-3-2019\/\"  title=\"V\u00fdzkum v chovu skotu 3\/2019\"><img loading=\"lazy\" decoding=\"async\" width=\"1920\" height=\"550\" src=\"https:\/\/agrovyzkum.cz\/bulletin\/wp-content\/uploads\/sites\/5\/2020\/01\/2019_3_slider.jpg\" class=\"attachment-full size-full wp-post-image\" alt=\"\" itemprop=\"image\" srcset=\"https:\/\/agrovyzkum.cz\/bulletin\/wp-content\/uploads\/sites\/5\/2020\/01\/2019_3_slider.jpg 1920w, https:\/\/agrovyzkum.cz\/bulletin\/wp-content\/uploads\/sites\/5\/2020\/01\/2019_3_slider-300x86.jpg 300w, https:\/\/agrovyzkum.cz\/bulletin\/wp-content\/uploads\/sites\/5\/2020\/01\/2019_3_slider-768x220.jpg 768w, https:\/\/agrovyzkum.cz\/bulletin\/wp-content\/uploads\/sites\/5\/2020\/01\/2019_3_slider-1024x293.jpg 1024w, https:\/\/agrovyzkum.cz\/bulletin\/wp-content\/uploads\/sites\/5\/2020\/01\/2019_3_slider-1140x326.jpg 1140w\" sizes=\"auto, (max-width: 1920px) 100vw, 1920px\" \/><\/a>\t\t<\/div>\n\t\t\t\t\t\t\t\t<header class=\"wp-show-posts-entry-header\">\n\t\t\t\t\t\t\t<h4 class=\"wp-show-posts-entry-title\" itemprop=\"headline\"><a href=\"https:\/\/agrovyzkum.cz\/bulletin\/vyzkum-v-chovu-skotu-3-2019\/\" rel=\"bookmark\">V\u00fdzkum v chovu skotu 3\/2019<\/a><\/h4>\t\t\t\t\t\t<\/header><!-- .entry-header -->\n\t\t\t\t\t\t\t\t\t\t\t<div class=\"wp-show-posts-entry-summary\" itemprop=\"text\">\n\t\t\t\t\t\t\t<p>S\u00e9rie A \u2013 P\u016fvodn\u00ed v\u011bdeck\u00e1 sd\u011blen\u00ed Strana N\u00e1zev \u010dl\u00e1nku \/ autor 3 The effect of minor mycotoxin enniatin B on in vitro ruminal organic matter digestibility of total mixed ration&#8230;<\/p>\n\t\t\t\t\t\t<\/div><!-- .entry-summary -->\n\t\t\t\t\t<\/div><!-- wp-show-posts-inner --><\/article><article class=\" wp-show-posts-single post-456 post type-post status-publish format-standard has-post-thumbnail hentry category-archiv category-rok-2019 wpsp-col-6\" itemtype=\"http:\/\/schema.org\/CreativeWork\" itemscope><div class=\"wp-show-posts-inner\" style=\"\">\t\t<div class=\"wp-show-posts-image  wpsp-image-center \">\n\t\t\t<a href=\"https:\/\/agrovyzkum.cz\/bulletin\/vyzkum-v-chovu-skotu-2-2019\/\"  title=\"V\u00fdzkum v chovu skotu 2\/2019\"><img loading=\"lazy\" decoding=\"async\" width=\"1920\" height=\"550\" src=\"https:\/\/agrovyzkum.cz\/bulletin\/wp-content\/uploads\/sites\/5\/2019\/10\/DSC09254_fi.jpg\" class=\"attachment-full size-full wp-post-image\" alt=\"\" itemprop=\"image\" srcset=\"https:\/\/agrovyzkum.cz\/bulletin\/wp-content\/uploads\/sites\/5\/2019\/10\/DSC09254_fi.jpg 1920w, https:\/\/agrovyzkum.cz\/bulletin\/wp-content\/uploads\/sites\/5\/2019\/10\/DSC09254_fi-300x86.jpg 300w, https:\/\/agrovyzkum.cz\/bulletin\/wp-content\/uploads\/sites\/5\/2019\/10\/DSC09254_fi-768x220.jpg 768w, https:\/\/agrovyzkum.cz\/bulletin\/wp-content\/uploads\/sites\/5\/2019\/10\/DSC09254_fi-1024x293.jpg 1024w, https:\/\/agrovyzkum.cz\/bulletin\/wp-content\/uploads\/sites\/5\/2019\/10\/DSC09254_fi-1140x326.jpg 1140w\" sizes=\"auto, (max-width: 1920px) 100vw, 1920px\" \/><\/a>\t\t<\/div>\n\t\t\t\t\t\t\t\t<header class=\"wp-show-posts-entry-header\">\n\t\t\t\t\t\t\t<h4 class=\"wp-show-posts-entry-title\" itemprop=\"headline\"><a href=\"https:\/\/agrovyzkum.cz\/bulletin\/vyzkum-v-chovu-skotu-2-2019\/\" rel=\"bookmark\">V\u00fdzkum v chovu skotu 2\/2019<\/a><\/h4>\t\t\t\t\t\t<\/header><!-- .entry-header -->\n\t\t\t\t\t\t\t\t\t\t\t<div class=\"wp-show-posts-entry-summary\" itemprop=\"text\">\n\t\t\t\t\t\t\t<p>S\u00e9rie A \u2013 P\u016fvodn\u00ed v\u011bdeck\u00e1 sd\u011blen\u00ed Strana N\u00e1zev \u010dl\u00e1nku \/ autor 2 Zm\u011bny fyzik\u00e1ln\u00edch vlastnost\u00ed p\u016fdy p\u0159i obnoven\u00e9 pastv\u011b skotu na lokalit\u011b \u0160v\u00fdc\u00e1rna Changes in physical properties of soil under&#8230;<\/p>\n\t\t\t\t\t\t<\/div><!-- .entry-summary -->\n\t\t\t\t\t<\/div><!-- wp-show-posts-inner --><\/article><article class=\" wp-show-posts-single post-55 post type-post status-publish format-standard has-post-thumbnail hentry category-archiv category-rok-2019 wpsp-col-6\" itemtype=\"http:\/\/schema.org\/CreativeWork\" itemscope><div class=\"wp-show-posts-inner\" style=\"\">\t\t<div class=\"wp-show-posts-image  wpsp-image-center \">\n\t\t\t<a href=\"https:\/\/agrovyzkum.cz\/bulletin\/vyzkum-v-chovu-skotu-1-2019\/\"  title=\"V\u00fdzkum v chovu skotu 1\/2019\"><img loading=\"lazy\" decoding=\"async\" width=\"1920\" height=\"550\" src=\"https:\/\/agrovyzkum.cz\/bulletin\/wp-content\/uploads\/sites\/5\/2019\/09\/2019_1_slider-2.jpg\" class=\"attachment-full size-full wp-post-image\" alt=\"\" itemprop=\"image\" srcset=\"https:\/\/agrovyzkum.cz\/bulletin\/wp-content\/uploads\/sites\/5\/2019\/09\/2019_1_slider-2.jpg 1920w, https:\/\/agrovyzkum.cz\/bulletin\/wp-content\/uploads\/sites\/5\/2019\/09\/2019_1_slider-2-300x86.jpg 300w, https:\/\/agrovyzkum.cz\/bulletin\/wp-content\/uploads\/sites\/5\/2019\/09\/2019_1_slider-2-768x220.jpg 768w, https:\/\/agrovyzkum.cz\/bulletin\/wp-content\/uploads\/sites\/5\/2019\/09\/2019_1_slider-2-1024x293.jpg 1024w, https:\/\/agrovyzkum.cz\/bulletin\/wp-content\/uploads\/sites\/5\/2019\/09\/2019_1_slider-2-1140x326.jpg 1140w\" sizes=\"auto, (max-width: 1920px) 100vw, 1920px\" \/><\/a>\t\t<\/div>\n\t\t\t\t\t\t\t\t<header class=\"wp-show-posts-entry-header\">\n\t\t\t\t\t\t\t<h4 class=\"wp-show-posts-entry-title\" itemprop=\"headline\"><a href=\"https:\/\/agrovyzkum.cz\/bulletin\/vyzkum-v-chovu-skotu-1-2019\/\" rel=\"bookmark\">V\u00fdzkum v chovu skotu 1\/2019<\/a><\/h4>\t\t\t\t\t\t<\/header><!-- .entry-header -->\n\t\t\t\t\t\t\t\t\t\t\t<div class=\"wp-show-posts-entry-summary\" itemprop=\"text\">\n\t\t\t\t\t\t\t<p>S\u00e9rie A \u2013 P\u016fvodn\u00ed v\u011bdeck\u00e1 sd\u011blen\u00ed Strana N\u00e1zev \u010dl\u00e1nku \/ autor 2 Stanoven\u00ed \u017eeleza v hnoji \u2013 srovn\u00e1n\u00ed vybran\u00fdch metod rozkladu vzork\u016f hnoje (HCl\/HNO3; HNO3\/H2O2) Determination of Iron in Manure&#8230;<\/p>\n\t\t\t\t\t\t<\/div><!-- .entry-summary -->\n\t\t\t\t\t<\/div><!-- wp-show-posts-inner --><\/article><div class=\"wpsp-clear\"><\/div><\/section><!-- .wp-show-posts -->\n<\/div>\n<\/div><\/div><\/div><\/div><\/div>","protected":false},"excerpt":{"rendered":"<p>S\u00e9rie A \u2013 P\u016fvodn\u00ed v\u011bdeck\u00e1 sd\u011blen\u00ed Strana N\u00e1zev \u010dl\u00e1nku \/ autor 2 Stanoven\u00ed \u017eeleza v hnoji \u2013 srovn\u00e1n\u00ed vybran\u00fdch metod rozkladu vzork\u016f hnoje (HCl\/HNO3; HNO3\/H2O2) Determination of Iron in Manure \u2013 Comparison of Digestion\/Dissolution Methods (HCl\/HNO3; HNO3\/H2O2) Landov\u00e1, H. \u2013 L\u00e1tal, O. \u2013 Vesel\u00fd, A. \u2013 Pozd\u00ed\u0161ek, J. \u2013 Mi\u010dov\u00e1, P. [A] 13 Hodnocen\u00ed kvality povrchov\u00fdch vod na horsk\u00fdch lokalit\u00e1ch [&hellip;]<\/p>\n","protected":false},"author":1,"featured_media":519,"parent":204,"menu_order":0,"comment_status":"closed","ping_status":"closed","template":"","meta":{"inline_featured_image":false,"footnotes":""},"class_list":["post-218","page","type-page","status-publish","has-post-thumbnail","hentry"],"yoast_head":"<!-- This site is optimized with the Yoast SEO plugin v24.4 - https:\/\/yoast.com\/wordpress\/plugins\/seo\/ -->\n<title>Rok vyd\u00e1n\u00ed 2019 | V\u00fdzkum v chovu skotu<\/title>\n<meta name=\"robots\" content=\"index, follow, max-snippet:-1, max-image-preview:large, max-video-preview:-1\" \/>\n<link rel=\"canonical\" href=\"https:\/\/agrovyzkum.cz\/bulletin\/archiv\/rok-vydani-2019\/\" \/>\n<meta property=\"og:locale\" content=\"cs_CZ\" \/>\n<meta property=\"og:type\" content=\"article\" \/>\n<meta property=\"og:title\" content=\"Rok vyd\u00e1n\u00ed 2019 | V\u00fdzkum v chovu skotu\" \/>\n<meta property=\"og:description\" content=\"S\u00e9rie A \u2013 P\u016fvodn\u00ed v\u011bdeck\u00e1 sd\u011blen\u00ed Strana N\u00e1zev \u010dl\u00e1nku \/ autor 2 Stanoven\u00ed \u017eeleza v hnoji \u2013 srovn\u00e1n\u00ed vybran\u00fdch metod rozkladu vzork\u016f hnoje (HCl\/HNO3; HNO3\/H2O2) Determination of Iron in Manure \u2013 Comparison of Digestion\/Dissolution Methods (HCl\/HNO3; HNO3\/H2O2) Landov\u00e1, H. \u2013 L\u00e1tal, O. \u2013 Vesel\u00fd, A. \u2013 Pozd\u00ed\u0161ek, J. \u2013 Mi\u010dov\u00e1, P. [A] 13 Hodnocen\u00ed kvality povrchov\u00fdch vod na horsk\u00fdch lokalit\u00e1ch [&hellip;]\" \/>\n<meta property=\"og:url\" content=\"https:\/\/agrovyzkum.cz\/bulletin\/archiv\/rok-vydani-2019\/\" \/>\n<meta property=\"og:site_name\" content=\"V\u00fdzkum v chovu skotu\" \/>\n<meta property=\"article:modified_time\" content=\"2019-10-07T08:18:12+00:00\" \/>\n<meta property=\"og:image\" content=\"https:\/\/agrovyzkum.cz\/bulletin\/wp-content\/uploads\/sites\/5\/2019\/10\/starsi_cisla_slider_v2_1140px.jpg\" \/>\n\t<meta property=\"og:image:width\" content=\"1140\" \/>\n\t<meta property=\"og:image:height\" content=\"327\" \/>\n\t<meta property=\"og:image:type\" content=\"image\/jpeg\" \/>\n<meta name=\"twitter:card\" content=\"summary_large_image\" \/>\n<script type=\"application\/ld+json\" class=\"yoast-schema-graph\">{\"@context\":\"https:\/\/schema.org\",\"@graph\":[{\"@type\":\"WebPage\",\"@id\":\"https:\/\/agrovyzkum.cz\/bulletin\/archiv\/rok-vydani-2019\/\",\"url\":\"https:\/\/agrovyzkum.cz\/bulletin\/archiv\/rok-vydani-2019\/\",\"name\":\"Rok vyd\u00e1n\u00ed 2019 | V\u00fdzkum v chovu skotu\",\"isPartOf\":{\"@id\":\"https:\/\/agrovyzkum.cz\/bulletin\/#website\"},\"primaryImageOfPage\":{\"@id\":\"https:\/\/agrovyzkum.cz\/bulletin\/archiv\/rok-vydani-2019\/#primaryimage\"},\"image\":{\"@id\":\"https:\/\/agrovyzkum.cz\/bulletin\/archiv\/rok-vydani-2019\/#primaryimage\"},\"thumbnailUrl\":\"https:\/\/agrovyzkum.cz\/bulletin\/wp-content\/uploads\/sites\/5\/2019\/10\/starsi_cisla_slider_v2_1140px.jpg\",\"datePublished\":\"2019-08-22T09:06:40+00:00\",\"dateModified\":\"2019-10-07T08:18:12+00:00\",\"breadcrumb\":{\"@id\":\"https:\/\/agrovyzkum.cz\/bulletin\/archiv\/rok-vydani-2019\/#breadcrumb\"},\"inLanguage\":\"cs\",\"potentialAction\":[{\"@type\":\"ReadAction\",\"target\":[\"https:\/\/agrovyzkum.cz\/bulletin\/archiv\/rok-vydani-2019\/\"]}]},{\"@type\":\"ImageObject\",\"inLanguage\":\"cs\",\"@id\":\"https:\/\/agrovyzkum.cz\/bulletin\/archiv\/rok-vydani-2019\/#primaryimage\",\"url\":\"https:\/\/agrovyzkum.cz\/bulletin\/wp-content\/uploads\/sites\/5\/2019\/10\/starsi_cisla_slider_v2_1140px.jpg\",\"contentUrl\":\"https:\/\/agrovyzkum.cz\/bulletin\/wp-content\/uploads\/sites\/5\/2019\/10\/starsi_cisla_slider_v2_1140px.jpg\",\"width\":1140,\"height\":327},{\"@type\":\"BreadcrumbList\",\"@id\":\"https:\/\/agrovyzkum.cz\/bulletin\/archiv\/rok-vydani-2019\/#breadcrumb\",\"itemListElement\":[{\"@type\":\"ListItem\",\"position\":1,\"name\":\"V\u00fdzkum v chovu skotu\",\"item\":\"https:\/\/agrovyzkum.cz\/bulletin\/\"},{\"@type\":\"ListItem\",\"position\":2,\"name\":\"Arch\u00edv\",\"item\":\"https:\/\/agrovyzkum.cz\/bulletin\/archiv\/\"},{\"@type\":\"ListItem\",\"position\":3,\"name\":\"Rok vyd\u00e1n\u00ed 2019\"}]},{\"@type\":\"WebSite\",\"@id\":\"https:\/\/agrovyzkum.cz\/bulletin\/#website\",\"url\":\"https:\/\/agrovyzkum.cz\/bulletin\/\",\"name\":\"V\u00fdzkum v chovu skotu\",\"description\":\"\",\"publisher\":{\"@id\":\"https:\/\/agrovyzkum.cz\/bulletin\/#organization\"},\"potentialAction\":[{\"@type\":\"SearchAction\",\"target\":{\"@type\":\"EntryPoint\",\"urlTemplate\":\"https:\/\/agrovyzkum.cz\/bulletin\/?s={search_term_string}\"},\"query-input\":{\"@type\":\"PropertyValueSpecification\",\"valueRequired\":true,\"valueName\":\"search_term_string\"}}],\"inLanguage\":\"cs\"},{\"@type\":\"Organization\",\"@id\":\"https:\/\/agrovyzkum.cz\/bulletin\/#organization\",\"name\":\"Agrov\u00fdzkum Rapot\u00edn s.r.o.\",\"url\":\"https:\/\/agrovyzkum.cz\/bulletin\/\",\"logo\":{\"@type\":\"ImageObject\",\"inLanguage\":\"cs\",\"@id\":\"https:\/\/agrovyzkum.cz\/bulletin\/#\/schema\/logo\/image\/\",\"url\":\"https:\/\/agrovyzkum.cz\/bulletin\/wp-content\/uploads\/sites\/5\/2020\/03\/logo_agro.svg\",\"contentUrl\":\"https:\/\/agrovyzkum.cz\/bulletin\/wp-content\/uploads\/sites\/5\/2020\/03\/logo_agro.svg\",\"width\":36,\"height\":22,\"caption\":\"Agrov\u00fdzkum Rapot\u00edn s.r.o.\"},\"image\":{\"@id\":\"https:\/\/agrovyzkum.cz\/bulletin\/#\/schema\/logo\/image\/\"}}]}<\/script>\n<!-- \/ Yoast SEO plugin. -->","yoast_head_json":{"title":"Rok vyd\u00e1n\u00ed 2019 | V\u00fdzkum v chovu skotu","robots":{"index":"index","follow":"follow","max-snippet":"max-snippet:-1","max-image-preview":"max-image-preview:large","max-video-preview":"max-video-preview:-1"},"canonical":"https:\/\/agrovyzkum.cz\/bulletin\/archiv\/rok-vydani-2019\/","og_locale":"cs_CZ","og_type":"article","og_title":"Rok vyd\u00e1n\u00ed 2019 | V\u00fdzkum v chovu skotu","og_description":"S\u00e9rie A \u2013 P\u016fvodn\u00ed v\u011bdeck\u00e1 sd\u011blen\u00ed Strana N\u00e1zev \u010dl\u00e1nku \/ autor 2 Stanoven\u00ed \u017eeleza v hnoji \u2013 srovn\u00e1n\u00ed vybran\u00fdch metod rozkladu vzork\u016f hnoje (HCl\/HNO3; HNO3\/H2O2) Determination of Iron in Manure \u2013 Comparison of Digestion\/Dissolution Methods (HCl\/HNO3; HNO3\/H2O2) Landov\u00e1, H. \u2013 L\u00e1tal, O. \u2013 Vesel\u00fd, A. \u2013 Pozd\u00ed\u0161ek, J. \u2013 Mi\u010dov\u00e1, P. [A] 13 Hodnocen\u00ed kvality povrchov\u00fdch vod na horsk\u00fdch lokalit\u00e1ch [&hellip;]","og_url":"https:\/\/agrovyzkum.cz\/bulletin\/archiv\/rok-vydani-2019\/","og_site_name":"V\u00fdzkum v chovu skotu","article_modified_time":"2019-10-07T08:18:12+00:00","og_image":[{"width":1140,"height":327,"url":"https:\/\/agrovyzkum.cz\/bulletin\/wp-content\/uploads\/sites\/5\/2019\/10\/starsi_cisla_slider_v2_1140px.jpg","type":"image\/jpeg"}],"twitter_card":"summary_large_image","schema":{"@context":"https:\/\/schema.org","@graph":[{"@type":"WebPage","@id":"https:\/\/agrovyzkum.cz\/bulletin\/archiv\/rok-vydani-2019\/","url":"https:\/\/agrovyzkum.cz\/bulletin\/archiv\/rok-vydani-2019\/","name":"Rok vyd\u00e1n\u00ed 2019 | V\u00fdzkum v chovu skotu","isPartOf":{"@id":"https:\/\/agrovyzkum.cz\/bulletin\/#website"},"primaryImageOfPage":{"@id":"https:\/\/agrovyzkum.cz\/bulletin\/archiv\/rok-vydani-2019\/#primaryimage"},"image":{"@id":"https:\/\/agrovyzkum.cz\/bulletin\/archiv\/rok-vydani-2019\/#primaryimage"},"thumbnailUrl":"https:\/\/agrovyzkum.cz\/bulletin\/wp-content\/uploads\/sites\/5\/2019\/10\/starsi_cisla_slider_v2_1140px.jpg","datePublished":"2019-08-22T09:06:40+00:00","dateModified":"2019-10-07T08:18:12+00:00","breadcrumb":{"@id":"https:\/\/agrovyzkum.cz\/bulletin\/archiv\/rok-vydani-2019\/#breadcrumb"},"inLanguage":"cs","potentialAction":[{"@type":"ReadAction","target":["https:\/\/agrovyzkum.cz\/bulletin\/archiv\/rok-vydani-2019\/"]}]},{"@type":"ImageObject","inLanguage":"cs","@id":"https:\/\/agrovyzkum.cz\/bulletin\/archiv\/rok-vydani-2019\/#primaryimage","url":"https:\/\/agrovyzkum.cz\/bulletin\/wp-content\/uploads\/sites\/5\/2019\/10\/starsi_cisla_slider_v2_1140px.jpg","contentUrl":"https:\/\/agrovyzkum.cz\/bulletin\/wp-content\/uploads\/sites\/5\/2019\/10\/starsi_cisla_slider_v2_1140px.jpg","width":1140,"height":327},{"@type":"BreadcrumbList","@id":"https:\/\/agrovyzkum.cz\/bulletin\/archiv\/rok-vydani-2019\/#breadcrumb","itemListElement":[{"@type":"ListItem","position":1,"name":"V\u00fdzkum v chovu skotu","item":"https:\/\/agrovyzkum.cz\/bulletin\/"},{"@type":"ListItem","position":2,"name":"Arch\u00edv","item":"https:\/\/agrovyzkum.cz\/bulletin\/archiv\/"},{"@type":"ListItem","position":3,"name":"Rok vyd\u00e1n\u00ed 2019"}]},{"@type":"WebSite","@id":"https:\/\/agrovyzkum.cz\/bulletin\/#website","url":"https:\/\/agrovyzkum.cz\/bulletin\/","name":"V\u00fdzkum v chovu skotu","description":"","publisher":{"@id":"https:\/\/agrovyzkum.cz\/bulletin\/#organization"},"potentialAction":[{"@type":"SearchAction","target":{"@type":"EntryPoint","urlTemplate":"https:\/\/agrovyzkum.cz\/bulletin\/?s={search_term_string}"},"query-input":{"@type":"PropertyValueSpecification","valueRequired":true,"valueName":"search_term_string"}}],"inLanguage":"cs"},{"@type":"Organization","@id":"https:\/\/agrovyzkum.cz\/bulletin\/#organization","name":"Agrov\u00fdzkum Rapot\u00edn s.r.o.","url":"https:\/\/agrovyzkum.cz\/bulletin\/","logo":{"@type":"ImageObject","inLanguage":"cs","@id":"https:\/\/agrovyzkum.cz\/bulletin\/#\/schema\/logo\/image\/","url":"https:\/\/agrovyzkum.cz\/bulletin\/wp-content\/uploads\/sites\/5\/2020\/03\/logo_agro.svg","contentUrl":"https:\/\/agrovyzkum.cz\/bulletin\/wp-content\/uploads\/sites\/5\/2020\/03\/logo_agro.svg","width":36,"height":22,"caption":"Agrov\u00fdzkum Rapot\u00edn s.r.o."},"image":{"@id":"https:\/\/agrovyzkum.cz\/bulletin\/#\/schema\/logo\/image\/"}}]}},"_links":{"self":[{"href":"https:\/\/agrovyzkum.cz\/bulletin\/wp-json\/wp\/v2\/pages\/218","targetHints":{"allow":["GET"]}}],"collection":[{"href":"https:\/\/agrovyzkum.cz\/bulletin\/wp-json\/wp\/v2\/pages"}],"about":[{"href":"https:\/\/agrovyzkum.cz\/bulletin\/wp-json\/wp\/v2\/types\/page"}],"author":[{"embeddable":true,"href":"https:\/\/agrovyzkum.cz\/bulletin\/wp-json\/wp\/v2\/users\/1"}],"replies":[{"embeddable":true,"href":"https:\/\/agrovyzkum.cz\/bulletin\/wp-json\/wp\/v2\/comments?post=218"}],"version-history":[{"count":0,"href":"https:\/\/agrovyzkum.cz\/bulletin\/wp-json\/wp\/v2\/pages\/218\/revisions"}],"up":[{"embeddable":true,"href":"https:\/\/agrovyzkum.cz\/bulletin\/wp-json\/wp\/v2\/pages\/204"}],"wp:featuredmedia":[{"embeddable":true,"href":"https:\/\/agrovyzkum.cz\/bulletin\/wp-json\/wp\/v2\/media\/519"}],"wp:attachment":[{"href":"https:\/\/agrovyzkum.cz\/bulletin\/wp-json\/wp\/v2\/media?parent=218"}],"curies":[{"name":"wp","href":"https:\/\/api.w.org\/{rel}","templated":true}]}}