{"id":21,"date":"2019-08-20T18:47:49","date_gmt":"2019-08-20T16:47:49","guid":{"rendered":"https:\/\/agrovyzkum.cz\/bulletin\/?page_id=21"},"modified":"2026-04-27T08:30:22","modified_gmt":"2026-04-27T06:30:22","slug":"aktualni-cislo","status":"publish","type":"page","link":"https:\/\/agrovyzkum.cz\/bulletin\/aktualni-cislo\/","title":{"rendered":"Aktu\u00e1ln\u00ed \u010d\u00edslo"},"content":{"rendered":"<div id=\"pl-21\"  class=\"panel-layout\" ><div id=\"pg-21-0\"  class=\"panel-grid panel-no-style\" ><div id=\"pgc-21-0-0\"  class=\"panel-grid-cell\" ><div id=\"panel-21-0-0-0\" class=\"so-panel widget_sow-editor panel-first-child panel-last-child\" data-index=\"0\" ><div\n\t\t\t\n\t\t\tclass=\"so-widget-sow-editor so-widget-sow-editor-base\"\n\t\t\t\n\t\t>\n<div class=\"siteorigin-widget-tinymce textwidget\">\n\t<style>.wp-show-posts-columns#wpsp-62 {margin-left: -2em; }.wp-show-posts-columns#wpsp-62 .wp-show-posts-inner {margin: 0 0 2em 2em; }<\/style><section id=\"wpsp-62\" class=\" wp-show-posts\" style=\"\"><article class=\" wp-show-posts-single wpsp-clearfix post-2946 post type-post status-publish format-standard has-post-thumbnail hentry category-aktualni-cislo category-archiv category-rok-2026\" itemtype=\"http:\/\/schema.org\/CreativeWork\" itemscope><div class=\"wp-show-posts-inner\" style=\"\">\t\t\t\t\t\t<div class=\"wp-show-posts-entry-content\" itemprop=\"text\">\n\t\t\t\t\t\t\t<div id=\"pl-2946\"  class=\"panel-layout\" ><div id=\"pg-2946-0\"  class=\"panel-grid panel-no-style\" ><div id=\"pgc-2946-0-0\"  class=\"panel-grid-cell\" ><div id=\"panel-2946-0-0-0\" class=\"so-panel widget_sow-editor panel-first-child panel-last-child\" data-index=\"0\" ><div\n\t\t\t\n\t\t\tclass=\"so-widget-sow-editor so-widget-sow-editor-base\"\n\t\t\t\n\t\t>\n<div class=\"siteorigin-widget-tinymce textwidget\">\n\t<h4>S\u00e9rie A \u2013 P\u016fvodn\u00ed v\u011bdeck\u00e1 sd\u011blen\u00ed<\/h4>\n<table   class=\" table table-hover table table-hover\"  style=\"width: 100%;\">\n<thead>\n<tr>\n<td style=\"width: 14.9596%;\">Strana<\/td>\n<td style=\"width: 84.5014%;\">N\u00e1zev \u010dl\u00e1nku \/ autor<\/td>\n<\/tr>\n<\/thead>\n<tbody>\n<tr>\n<td style=\"width: 14.9596%;\">3<\/td>\n<td style=\"width: 84.5014%;\"><strong>Hodnocen\u00ed z\u00e1kladn\u00edho slo\u017een\u00ed a spektra mastn\u00fdch kyselin ml\u00e9ka buvol\u016f chovan\u00fdch v \u010cesk\u00e9 republice<br \/>\n<\/strong><a href=\"http:\/\/www.agrovyzkum.cz\/soubory\/bulletin\/2026\/1\/bull_1_2026_03-16_zabrodska.pdf\"><i class=\"far fa-file-pdf \" ><\/i> PDF<\/a><\/p>\n<p>Evaluation of the basic composition and fatty acid spectrum of milk from buffaloes bred in the Czech Republic<\/p>\n<p><em>Z\u00e1brodsk\u00e1, B.<\/em><\/p>\n<p>[A]<\/p>\n<\/td>\n<\/tr>\n<tr>\n<td style=\"width: 14.9596%;\">17<\/td>\n<td style=\"width: 84.5014%;\"><strong>Studie prostorov\u00e9 a pohybov\u00e9 aktivity u plemenic plemen charolais, blonde d\u00b4aquitaine, limousine a galloway na zimovi\u0161ti<br \/>\n<\/strong><a href=\"http:\/\/www.agrovyzkum.cz\/soubory\/bulletin\/2026\/1\/bull_1_2026_17-25_prochazkova.pdf\"><i class=\"far fa-file-pdf \" ><\/i> PDF<\/a><\/p>\n<p>Study of spatial and locomotor activity in breeding females of the charolais, blonde d\u00b4aquitaine, limousine and galloway breeds bred on wintering barn<\/p>\n<p><em>Proch\u00e1zkov\u00e1, H. \u2013 Frankov\u00e1, A.<\/em><\/p>\n<p>[A]<\/p>\n<\/td>\n<\/tr>\n<\/tbody>\n<\/table>\n<h4>S\u00e9rie B \u2013 Odborn\u00e1 sd\u011blen\u00ed<\/h4>\n<table   class=\" table table-hover table table-hover\"  style=\"width: 100%;\">\n<thead>\n<tr>\n<td style=\"width: 14.9596%;\">Strana<\/td>\n<td style=\"width: 84.5014%;\">N\u00e1zev \u010dl\u00e1nku \/ autor<\/td>\n<\/tr>\n<\/thead>\n<tbody>\n<tr>\n<td style=\"width: 14.9596%;\">26<\/td>\n<td style=\"width: 84.5014%;\"><strong>Zp\u016fsoby ozna\u010dov\u00e1n\u00ed tur\u016f<br \/>\n<\/strong><a href=\"http:\/\/www.agrovyzkum.cz\/soubory\/bulletin\/2026\/1\/bull_1_2026_26-31_zabrodska.pdf\"><i class=\"far fa-file-pdf \" ><\/i> PDF<\/a><\/p>\n<p><em>Z\u00e1brodsk\u00e1, B.<\/em><\/p>\n<p>[C]<\/p>\n<\/td>\n<\/tr>\n<tr>\n<td style=\"width: 14.9596%;\">32<\/td>\n<td style=\"width: 84.5014%;\"><strong>M\u00e1 \u0161lecht\u011bn\u00ed nov\u00fdch plemen v dne\u0161n\u00ed dob\u011b je\u0161t\u011b sv\u00e9 m\u00edsto?<br \/>\n<\/strong><a href=\"http:\/\/www.agrovyzkum.cz\/soubory\/bulletin\/2026\/1\/bull_1_2026_32-34_prochazkova.pdf\"><i class=\"far fa-file-pdf \" ><\/i> PDF<\/a><\/p>\n<p><em>Proch\u00e1zkov\u00e1, H.<\/em><\/p>\n<p>[C]<\/p>\n<\/td>\n<\/tr>\n<tr>\n<td style=\"width: 14.9596%;\">35<\/td>\n<td style=\"width: 84.5014%;\"><strong>Biosekurita v pastevn\u00edm chovu<br \/>\n<\/strong><a href=\"http:\/\/www.agrovyzkum.cz\/soubory\/bulletin\/2026\/1\/bull_1_2026_35-39_lechnerova.pdf\"><i class=\"far fa-file-pdf \" ><\/i> PDF<\/a><\/p>\n<p><em>Lechnerov\u00e1, S.<\/em><\/p>\n<p>[C]<\/p>\n<\/td>\n<\/tr>\n<\/tbody>\n<\/table>\n<h4>Reklamn\u00ed sd\u011blen\u00ed<\/h4>\n<table   class=\" table table-hover table table-hover\"  style=\"width: 100%;\">\n<thead>\n<tr>\n<td style=\"width: 14.9596%;\">Strana<\/td>\n<td style=\"width: 84.5014%;\">N\u00e1zev \u010dl\u00e1nku \/ autor<\/td>\n<\/tr>\n<\/thead>\n<tbody>\n<tr>\n<td style=\"width: 14.9596%;\">40<\/td>\n<td style=\"width: 84.5014%;\"><strong>Ozn\u00e1men\u00ed o realizaci mezin\u00e1rodn\u00edho odborn\u00e9ho projektu MilkCheck k iniciaci \u0159e\u0161en\u00ed aktu\u00e1ln\u00edch v\u00fdzev ml\u00e9ka\u0159stv\u00ed ve st\u0159edn\u00ed Evrop\u011b<br \/>\n<\/strong><a href=\"http:\/\/www.agrovyzkum.cz\/soubory\/bulletin\/2026\/1\/bull_1_2026_40-41_hollosi.pdf\"><i class=\"far fa-file-pdf \" ><\/i> PDF<\/a><\/p>\n<p><em>Holl\u00f3si, E.<\/em><\/p>\n<p>[C]<\/p>\n<\/td>\n<\/tr>\n<\/tbody>\n<\/table>\n<p>[A] \u2013 \u010cesky (anglick\u00fd abstrakt)<br \/>\n[E] \u2013 Anglicky (\u010desk\u00fd abstrakt)<br \/>\n[C] \u2013 Pouze v \u010de\u0161tin\u011b<\/p>\n<\/div>\n<\/div><\/div><\/div><div id=\"pgc-2946-0-1\"  class=\"panel-grid-cell\" ><div id=\"panel-2946-0-1-0\" class=\"so-panel widget_sow-image panel-first-child\" data-index=\"1\" ><div\n\t\t\t\n\t\t\tclass=\"so-widget-sow-image so-widget-sow-image-default-8b5b6f678277-2946\"\n\t\t\t\n\t\t>\n<div class=\"sow-image-container\">\n\t\t<img loading=\"lazy\" decoding=\"async\" src=\"https:\/\/agrovyzkum.cz\/bulletin\/wp-content\/uploads\/sites\/5\/2026\/04\/2026_1_obalka.jpg\" width=\"707\" height=\"999\" srcset=\"https:\/\/agrovyzkum.cz\/bulletin\/wp-content\/uploads\/sites\/5\/2026\/04\/2026_1_obalka.jpg 707w, https:\/\/agrovyzkum.cz\/bulletin\/wp-content\/uploads\/sites\/5\/2026\/04\/2026_1_obalka-212x300.jpg 212w\" sizes=\"auto, (max-width: 707px) 100vw, 707px\" alt=\"\" \t\tclass=\"so-widget-image\"\/>\n\t<\/div>\n\n<\/div><\/div><div id=\"panel-2946-0-1-1\" class=\"so-panel widget_sow-editor panel-last-child\" data-index=\"2\" ><div\n\t\t\t\n\t\t\tclass=\"so-widget-sow-editor so-widget-sow-editor-base\"\n\t\t\t\n\t\t>\n<div class=\"siteorigin-widget-tinymce textwidget\">\n\t<p>\u010c\u00edslo: 1<br \/>\nRok vyd\u00e1n\u00ed: 2026<br \/>\nRo\u010dn\u00edk: LXVIII<br \/>\nSvazek: 252<\/p>\n<\/div>\n<\/div><\/div><\/div><\/div><\/div>\t\t\t\t\t\t<\/div><!-- .entry-content -->\n\t\t\t\t\t<\/div><!-- wp-show-posts-inner --><div class=\"wpsp-clear\"><\/div><\/article><\/section><!-- .wp-show-posts -->\n<\/div>\n<\/div><\/div><\/div><\/div><\/div>","protected":false},"excerpt":{"rendered":"<p>Bulletin \u201eV\u00fdzkum v chovu skotu\u201c vych\u00e1z\u00ed ji\u017e od roku 1958. Byl zalo\u017een, aby bylo umo\u017en\u011bno odborn\u00e9 ve\u0159ejnosti publikovat v\u00fdsledky v\u011bdeck\u00fdch experiment\u016f a studi\u00ed. Zam\u011b\u0159uje se zejm\u00e9na na \u0161lecht\u011bn\u00ed, kontrolu ml\u00e9\u010dn\u00e9 a masn\u00e9 u\u017eitkovosti, genetiku populac\u00ed a reprodukci v chovu skotu. <\/p>\n","protected":false},"author":1,"featured_media":2949,"parent":0,"menu_order":0,"comment_status":"closed","ping_status":"closed","template":"","meta":{"inline_featured_image":false,"footnotes":""},"class_list":["post-21","page","type-page","status-publish","has-post-thumbnail","hentry"],"yoast_head":"<!-- This site is optimized with the Yoast SEO plugin v24.4 - https:\/\/yoast.com\/wordpress\/plugins\/seo\/ -->\n<title>Aktu\u00e1ln\u00ed \u010d\u00edslo | V\u00fdzkum v chovu skotu<\/title>\n<meta name=\"robots\" content=\"index, follow, max-snippet:-1, max-image-preview:large, max-video-preview:-1\" \/>\n<link rel=\"canonical\" href=\"https:\/\/agrovyzkum.cz\/bulletin\/aktualni-cislo\/\" \/>\n<meta property=\"og:locale\" content=\"cs_CZ\" \/>\n<meta property=\"og:type\" content=\"article\" \/>\n<meta property=\"og:title\" content=\"Aktu\u00e1ln\u00ed \u010d\u00edslo | V\u00fdzkum v chovu skotu\" \/>\n<meta property=\"og:description\" content=\"Bulletin \u201eV\u00fdzkum v chovu skotu\u201c vych\u00e1z\u00ed ji\u017e od roku 1958. Byl zalo\u017een, aby bylo umo\u017en\u011bno odborn\u00e9 ve\u0159ejnosti publikovat v\u00fdsledky v\u011bdeck\u00fdch experiment\u016f a studi\u00ed. Zam\u011b\u0159uje se zejm\u00e9na na \u0161lecht\u011bn\u00ed, kontrolu ml\u00e9\u010dn\u00e9 a masn\u00e9 u\u017eitkovosti, genetiku populac\u00ed a reprodukci v chovu skotu.\" \/>\n<meta property=\"og:url\" content=\"https:\/\/agrovyzkum.cz\/bulletin\/aktualni-cislo\/\" \/>\n<meta property=\"og:site_name\" content=\"V\u00fdzkum v chovu skotu\" \/>\n<meta property=\"article:modified_time\" content=\"2026-04-27T06:30:22+00:00\" \/>\n<meta property=\"og:image\" content=\"http:\/\/agrovyzkum.cz\/bulletin\/wp-content\/uploads\/sites\/5\/2026\/04\/2026_1_slider.jpg\" \/>\n\t<meta property=\"og:image:width\" content=\"1920\" \/>\n\t<meta property=\"og:image:height\" content=\"550\" \/>\n\t<meta property=\"og:image:type\" content=\"image\/jpeg\" \/>\n<meta name=\"twitter:card\" content=\"summary_large_image\" \/>\n<meta name=\"twitter:label1\" content=\"Odhadovan\u00e1 doba \u010dten\u00ed\" \/>\n\t<meta name=\"twitter:data1\" content=\"3 minuty\" \/>\n<script type=\"application\/ld+json\" class=\"yoast-schema-graph\">{\"@context\":\"https:\/\/schema.org\",\"@graph\":[{\"@type\":\"WebPage\",\"@id\":\"https:\/\/agrovyzkum.cz\/bulletin\/aktualni-cislo\/\",\"url\":\"https:\/\/agrovyzkum.cz\/bulletin\/aktualni-cislo\/\",\"name\":\"Aktu\u00e1ln\u00ed \u010d\u00edslo | V\u00fdzkum v chovu skotu\",\"isPartOf\":{\"@id\":\"https:\/\/agrovyzkum.cz\/bulletin\/#website\"},\"primaryImageOfPage\":{\"@id\":\"https:\/\/agrovyzkum.cz\/bulletin\/aktualni-cislo\/#primaryimage\"},\"image\":{\"@id\":\"https:\/\/agrovyzkum.cz\/bulletin\/aktualni-cislo\/#primaryimage\"},\"thumbnailUrl\":\"https:\/\/agrovyzkum.cz\/bulletin\/wp-content\/uploads\/sites\/5\/2026\/04\/2026_1_slider.jpg\",\"datePublished\":\"2019-08-20T16:47:49+00:00\",\"dateModified\":\"2026-04-27T06:30:22+00:00\",\"breadcrumb\":{\"@id\":\"https:\/\/agrovyzkum.cz\/bulletin\/aktualni-cislo\/#breadcrumb\"},\"inLanguage\":\"cs\",\"potentialAction\":[{\"@type\":\"ReadAction\",\"target\":[\"https:\/\/agrovyzkum.cz\/bulletin\/aktualni-cislo\/\"]}]},{\"@type\":\"ImageObject\",\"inLanguage\":\"cs\",\"@id\":\"https:\/\/agrovyzkum.cz\/bulletin\/aktualni-cislo\/#primaryimage\",\"url\":\"https:\/\/agrovyzkum.cz\/bulletin\/wp-content\/uploads\/sites\/5\/2026\/04\/2026_1_slider.jpg\",\"contentUrl\":\"https:\/\/agrovyzkum.cz\/bulletin\/wp-content\/uploads\/sites\/5\/2026\/04\/2026_1_slider.jpg\",\"width\":1920,\"height\":550,\"caption\":\"Intel(R) IPP JPEG encoder [7.1.36264] - Jul 23 2012;\"},{\"@type\":\"BreadcrumbList\",\"@id\":\"https:\/\/agrovyzkum.cz\/bulletin\/aktualni-cislo\/#breadcrumb\",\"itemListElement\":[{\"@type\":\"ListItem\",\"position\":1,\"name\":\"V\u00fdzkum v chovu skotu\",\"item\":\"https:\/\/agrovyzkum.cz\/bulletin\/\"},{\"@type\":\"ListItem\",\"position\":2,\"name\":\"Aktu\u00e1ln\u00ed \u010d\u00edslo\"}]},{\"@type\":\"WebSite\",\"@id\":\"https:\/\/agrovyzkum.cz\/bulletin\/#website\",\"url\":\"https:\/\/agrovyzkum.cz\/bulletin\/\",\"name\":\"V\u00fdzkum v chovu skotu\",\"description\":\"\",\"publisher\":{\"@id\":\"https:\/\/agrovyzkum.cz\/bulletin\/#organization\"},\"potentialAction\":[{\"@type\":\"SearchAction\",\"target\":{\"@type\":\"EntryPoint\",\"urlTemplate\":\"https:\/\/agrovyzkum.cz\/bulletin\/?s={search_term_string}\"},\"query-input\":{\"@type\":\"PropertyValueSpecification\",\"valueRequired\":true,\"valueName\":\"search_term_string\"}}],\"inLanguage\":\"cs\"},{\"@type\":\"Organization\",\"@id\":\"https:\/\/agrovyzkum.cz\/bulletin\/#organization\",\"name\":\"Agrov\u00fdzkum Rapot\u00edn s.r.o.\",\"url\":\"https:\/\/agrovyzkum.cz\/bulletin\/\",\"logo\":{\"@type\":\"ImageObject\",\"inLanguage\":\"cs\",\"@id\":\"https:\/\/agrovyzkum.cz\/bulletin\/#\/schema\/logo\/image\/\",\"url\":\"https:\/\/agrovyzkum.cz\/bulletin\/wp-content\/uploads\/sites\/5\/2020\/03\/logo_agro.svg\",\"contentUrl\":\"https:\/\/agrovyzkum.cz\/bulletin\/wp-content\/uploads\/sites\/5\/2020\/03\/logo_agro.svg\",\"width\":36,\"height\":22,\"caption\":\"Agrov\u00fdzkum Rapot\u00edn s.r.o.\"},\"image\":{\"@id\":\"https:\/\/agrovyzkum.cz\/bulletin\/#\/schema\/logo\/image\/\"}}]}<\/script>\n<!-- \/ Yoast SEO plugin. -->","yoast_head_json":{"title":"Aktu\u00e1ln\u00ed \u010d\u00edslo | V\u00fdzkum v chovu skotu","robots":{"index":"index","follow":"follow","max-snippet":"max-snippet:-1","max-image-preview":"max-image-preview:large","max-video-preview":"max-video-preview:-1"},"canonical":"https:\/\/agrovyzkum.cz\/bulletin\/aktualni-cislo\/","og_locale":"cs_CZ","og_type":"article","og_title":"Aktu\u00e1ln\u00ed \u010d\u00edslo | V\u00fdzkum v chovu skotu","og_description":"Bulletin \u201eV\u00fdzkum v chovu skotu\u201c vych\u00e1z\u00ed ji\u017e od roku 1958. Byl zalo\u017een, aby bylo umo\u017en\u011bno odborn\u00e9 ve\u0159ejnosti publikovat v\u00fdsledky v\u011bdeck\u00fdch experiment\u016f a studi\u00ed. Zam\u011b\u0159uje se zejm\u00e9na na \u0161lecht\u011bn\u00ed, kontrolu ml\u00e9\u010dn\u00e9 a masn\u00e9 u\u017eitkovosti, genetiku populac\u00ed a reprodukci v chovu skotu.","og_url":"https:\/\/agrovyzkum.cz\/bulletin\/aktualni-cislo\/","og_site_name":"V\u00fdzkum v chovu skotu","article_modified_time":"2026-04-27T06:30:22+00:00","og_image":[{"width":1920,"height":550,"url":"http:\/\/agrovyzkum.cz\/bulletin\/wp-content\/uploads\/sites\/5\/2026\/04\/2026_1_slider.jpg","type":"image\/jpeg"}],"twitter_card":"summary_large_image","twitter_misc":{"Odhadovan\u00e1 doba \u010dten\u00ed":"3 minuty"},"schema":{"@context":"https:\/\/schema.org","@graph":[{"@type":"WebPage","@id":"https:\/\/agrovyzkum.cz\/bulletin\/aktualni-cislo\/","url":"https:\/\/agrovyzkum.cz\/bulletin\/aktualni-cislo\/","name":"Aktu\u00e1ln\u00ed \u010d\u00edslo | V\u00fdzkum v chovu skotu","isPartOf":{"@id":"https:\/\/agrovyzkum.cz\/bulletin\/#website"},"primaryImageOfPage":{"@id":"https:\/\/agrovyzkum.cz\/bulletin\/aktualni-cislo\/#primaryimage"},"image":{"@id":"https:\/\/agrovyzkum.cz\/bulletin\/aktualni-cislo\/#primaryimage"},"thumbnailUrl":"https:\/\/agrovyzkum.cz\/bulletin\/wp-content\/uploads\/sites\/5\/2026\/04\/2026_1_slider.jpg","datePublished":"2019-08-20T16:47:49+00:00","dateModified":"2026-04-27T06:30:22+00:00","breadcrumb":{"@id":"https:\/\/agrovyzkum.cz\/bulletin\/aktualni-cislo\/#breadcrumb"},"inLanguage":"cs","potentialAction":[{"@type":"ReadAction","target":["https:\/\/agrovyzkum.cz\/bulletin\/aktualni-cislo\/"]}]},{"@type":"ImageObject","inLanguage":"cs","@id":"https:\/\/agrovyzkum.cz\/bulletin\/aktualni-cislo\/#primaryimage","url":"https:\/\/agrovyzkum.cz\/bulletin\/wp-content\/uploads\/sites\/5\/2026\/04\/2026_1_slider.jpg","contentUrl":"https:\/\/agrovyzkum.cz\/bulletin\/wp-content\/uploads\/sites\/5\/2026\/04\/2026_1_slider.jpg","width":1920,"height":550,"caption":"Intel(R) IPP JPEG encoder [7.1.36264] - Jul 23 2012;"},{"@type":"BreadcrumbList","@id":"https:\/\/agrovyzkum.cz\/bulletin\/aktualni-cislo\/#breadcrumb","itemListElement":[{"@type":"ListItem","position":1,"name":"V\u00fdzkum v chovu skotu","item":"https:\/\/agrovyzkum.cz\/bulletin\/"},{"@type":"ListItem","position":2,"name":"Aktu\u00e1ln\u00ed \u010d\u00edslo"}]},{"@type":"WebSite","@id":"https:\/\/agrovyzkum.cz\/bulletin\/#website","url":"https:\/\/agrovyzkum.cz\/bulletin\/","name":"V\u00fdzkum v chovu skotu","description":"","publisher":{"@id":"https:\/\/agrovyzkum.cz\/bulletin\/#organization"},"potentialAction":[{"@type":"SearchAction","target":{"@type":"EntryPoint","urlTemplate":"https:\/\/agrovyzkum.cz\/bulletin\/?s={search_term_string}"},"query-input":{"@type":"PropertyValueSpecification","valueRequired":true,"valueName":"search_term_string"}}],"inLanguage":"cs"},{"@type":"Organization","@id":"https:\/\/agrovyzkum.cz\/bulletin\/#organization","name":"Agrov\u00fdzkum Rapot\u00edn s.r.o.","url":"https:\/\/agrovyzkum.cz\/bulletin\/","logo":{"@type":"ImageObject","inLanguage":"cs","@id":"https:\/\/agrovyzkum.cz\/bulletin\/#\/schema\/logo\/image\/","url":"https:\/\/agrovyzkum.cz\/bulletin\/wp-content\/uploads\/sites\/5\/2020\/03\/logo_agro.svg","contentUrl":"https:\/\/agrovyzkum.cz\/bulletin\/wp-content\/uploads\/sites\/5\/2020\/03\/logo_agro.svg","width":36,"height":22,"caption":"Agrov\u00fdzkum Rapot\u00edn s.r.o."},"image":{"@id":"https:\/\/agrovyzkum.cz\/bulletin\/#\/schema\/logo\/image\/"}}]}},"_links":{"self":[{"href":"https:\/\/agrovyzkum.cz\/bulletin\/wp-json\/wp\/v2\/pages\/21","targetHints":{"allow":["GET"]}}],"collection":[{"href":"https:\/\/agrovyzkum.cz\/bulletin\/wp-json\/wp\/v2\/pages"}],"about":[{"href":"https:\/\/agrovyzkum.cz\/bulletin\/wp-json\/wp\/v2\/types\/page"}],"author":[{"embeddable":true,"href":"https:\/\/agrovyzkum.cz\/bulletin\/wp-json\/wp\/v2\/users\/1"}],"replies":[{"embeddable":true,"href":"https:\/\/agrovyzkum.cz\/bulletin\/wp-json\/wp\/v2\/comments?post=21"}],"version-history":[{"count":5,"href":"https:\/\/agrovyzkum.cz\/bulletin\/wp-json\/wp\/v2\/pages\/21\/revisions"}],"predecessor-version":[{"id":2966,"href":"https:\/\/agrovyzkum.cz\/bulletin\/wp-json\/wp\/v2\/pages\/21\/revisions\/2966"}],"wp:featuredmedia":[{"embeddable":true,"href":"https:\/\/agrovyzkum.cz\/bulletin\/wp-json\/wp\/v2\/media\/2949"}],"wp:attachment":[{"href":"https:\/\/agrovyzkum.cz\/bulletin\/wp-json\/wp\/v2\/media?parent=21"}],"curies":[{"name":"wp","href":"https:\/\/api.w.org\/{rel}","templated":true}]}}